{"id":836,"date":"2021-09-20T13:41:40","date_gmt":"2021-09-20T11:41:40","guid":{"rendered":"https:\/\/www.maisons-geode.com\/constructeur\/?page_id=836"},"modified":"2024-08-23T10:31:33","modified_gmt":"2024-08-23T08:31:33","slug":"accueil","status":"publish","type":"page","link":"https:\/\/www.maisons-geode.com\/constructeur\/","title":{"rendered":"Accueil"},"content":{"rendered":"<p>[vc_row css_animation=\u00a0\u00bb\u00a0\u00bb row_type=\u00a0\u00bbrow\u00a0\u00bb use_row_as_full_screen_section=\u00a0\u00bbno\u00a0\u00bb type=\u00a0\u00bbfull_width\u00a0\u00bb angled_section=\u00a0\u00bbno\u00a0\u00bb text_align=\u00a0\u00bbleft\u00a0\u00bb background_image_as_pattern=\u00a0\u00bbwithout_pattern\u00a0\u00bb][vc_column]\n\t\t\t<!-- START Slider homepage maisons g\u00e9ode REVOLUTION SLIDER 6.4.2 --><p class=\"rs-p-wp-fix\"><\/p>\n\t\t\t<rs-module-wrap id=\"rev_slider_1_1_wrapper\" data-source=\"gallery\" style=\"background:transparent;padding:0;margin:0px auto;margin-top:0;margin-bottom:0;\">\n\t\t\t\t<rs-module id=\"rev_slider_1_1\" style=\"\" data-version=\"6.4.2\">\n\t\t\t\t\t<rs-slides>\n\t\t\t\t\t\t<rs-slide data-key=\"rs-1\" data-title=\"construire ensemble\" data-in=\"o:0;\" data-out=\"a:false;\">\n\t\t\t\t\t\t\t<img loading=\"lazy\" decoding=\"async\" src=\"\/\/www.maisons-geode.com\/constructeur\/wp-content\/uploads\/2024\/08\/2024-bg-maisons-geode-construire-ensemble.jpg\" title=\"2024-bg-maisons-geode-construire-ensemble\" width=\"2560\" height=\"500\" class=\"rev-slidebg\" data-no-retina>\n<!--\n\t\t\t\t\t\t\t--><rs-layer\n\t\t\t\t\t\t\t\tid=\"slider-1-slide-1-layer-0\" \n\t\t\t\t\t\t\t\tdata-type=\"image\"\n\t\t\t\t\t\t\t\tdata-rsp_ch=\"on\"\n\t\t\t\t\t\t\t\tdata-xy=\"xo:558px,519px,402px,248px;yo:6px,0,-7px,-8px;\"\n\t\t\t\t\t\t\t\tdata-text=\"w:normal;s:20,18,13,8;l:0,23,17,10;\"\n\t\t\t\t\t\t\t\tdata-dim=\"w:489px,504px,393px,407px;h:488px,503px,392px,406px;\"\n\t\t\t\t\t\t\t\tdata-frame_0=\"x:50,46,34,20;\"\n\t\t\t\t\t\t\t\tdata-frame_1=\"sp:1000;\"\n\t\t\t\t\t\t\t\tdata-frame_999=\"o:0;st:w;\"\n\t\t\t\t\t\t\t\tstyle=\"z-index:5;\"\n\t\t\t\t\t\t\t><img loading=\"lazy\" decoding=\"async\" src=\"\/\/www.maisons-geode.com\/constructeur\/wp-content\/uploads\/2024\/08\/2024-maison-double-cercle-better.png\" width=\"489\" height=\"488\" data-no-retina> \n\t\t\t\t\t\t\t<\/rs-layer><!--\n\n\t\t\t\t\t\t\t--><rs-layer\n\t\t\t\t\t\t\t\tid=\"slider-1-slide-1-layer-1\" \n\t\t\t\t\t\t\t\tdata-type=\"image\"\n\t\t\t\t\t\t\t\tdata-rsp_ch=\"on\"\n\t\t\t\t\t\t\t\tdata-xy=\"y:m;\"\n\t\t\t\t\t\t\t\tdata-text=\"w:normal;s:20,18,13,8;l:0,23,17,10;\"\n\t\t\t\t\t\t\t\tdata-dim=\"w:504px,469px,356px,219px;h:128px,119px,90px,55px;\"\n\t\t\t\t\t\t\t\tdata-frame_0=\"x:-50,-46,-34,-20;\"\n\t\t\t\t\t\t\t\tdata-frame_1=\"sp:1000;\"\n\t\t\t\t\t\t\t\tdata-frame_999=\"o:0;st:w;\"\n\t\t\t\t\t\t\t\tstyle=\"z-index:6;\"\n\t\t\t\t\t\t\t><img loading=\"lazy\" decoding=\"async\" src=\"\/\/www.maisons-geode.com\/constructeur\/wp-content\/uploads\/2021\/09\/typo-construire-ensemble.png\" width=\"504\" height=\"128\" data-no-retina> \n\t\t\t\t\t\t\t<\/rs-layer><!--\n-->\t\t\t\t\t\t<\/rs-slide>\n\t\t\t\t\t\t<rs-slide data-key=\"rs-2\" data-title=\"Extension\" data-in=\"o:0;\" data-out=\"a:false;\">\n\t\t\t\t\t\t\t<img loading=\"lazy\" decoding=\"async\" src=\"\/\/www.maisons-geode.com\/constructeur\/wp-content\/uploads\/2024\/08\/bg-slide-extension.jpg\" title=\"bg-slide-extension\" width=\"2560\" height=\"500\" class=\"rev-slidebg\" data-no-retina>\n<!--\n\t\t\t\t\t\t\t--><rs-layer\n\t\t\t\t\t\t\t\tid=\"slider-1-slide-2-layer-0\" \n\t\t\t\t\t\t\t\tdata-type=\"image\"\n\t\t\t\t\t\t\t\tdata-rsp_ch=\"on\"\n\t\t\t\t\t\t\t\tdata-xy=\"xo:557px,518px,394px,222px;yo:6px,5px,7px,5px;\"\n\t\t\t\t\t\t\t\tdata-text=\"w:normal;s:20,18,13,8;l:0,23,17,10;\"\n\t\t\t\t\t\t\t\tdata-dim=\"w:606px,564px,428px,457px;h:479px,445px,338px,361px;\"\n\t\t\t\t\t\t\t\tdata-frame_0=\"x:50,46,34,20;\"\n\t\t\t\t\t\t\t\tdata-frame_1=\"sp:1000;\"\n\t\t\t\t\t\t\t\tdata-frame_999=\"o:0;st:w;\"\n\t\t\t\t\t\t\t\tstyle=\"z-index:5;\"\n\t\t\t\t\t\t\t><img loading=\"lazy\" decoding=\"async\" src=\"\/\/www.maisons-geode.com\/constructeur\/wp-content\/uploads\/2024\/08\/maison-double-cercle-extension.png\" width=\"606\" height=\"479\" data-no-retina> \n\t\t\t\t\t\t\t<\/rs-layer><!--\n\n\t\t\t\t\t\t\t--><rs-layer\n\t\t\t\t\t\t\t\tid=\"slider-1-slide-2-layer-1\" \n\t\t\t\t\t\t\t\tdata-type=\"image\"\n\t\t\t\t\t\t\t\tdata-rsp_ch=\"on\"\n\t\t\t\t\t\t\t\tdata-xy=\"xo:0,0,0,10px;y:m;yo:0,0,0,2px;\"\n\t\t\t\t\t\t\t\tdata-text=\"w:normal;s:20,18,13,8;l:0,23,17,10;\"\n\t\t\t\t\t\t\t\tdata-dim=\"w:518px,521px,395px,345px;h:134px,135px,102px,89px;\"\n\t\t\t\t\t\t\t\tdata-frame_0=\"x:-50,-46,-34,-20;\"\n\t\t\t\t\t\t\t\tdata-frame_1=\"sp:1000;\"\n\t\t\t\t\t\t\t\tdata-frame_999=\"o:0;st:w;\"\n\t\t\t\t\t\t\t\tstyle=\"z-index:6;\"\n\t\t\t\t\t\t\t><img loading=\"lazy\" decoding=\"async\" src=\"\/\/www.maisons-geode.com\/constructeur\/wp-content\/uploads\/2024\/08\/typo-extensiton-de-maison.png\" width=\"518\" height=\"134\" data-no-retina> \n\t\t\t\t\t\t\t<\/rs-layer><!--\n\n\t\t\t\t\t\t\t--><rs-layer\n\t\t\t\t\t\t\t\tid=\"slider-1-slide-2-layer-2\" \n\t\t\t\t\t\t\t\tdata-type=\"image\"\n\t\t\t\t\t\t\t\tdata-rsp_ch=\"on\"\n\t\t\t\t\t\t\t\tdata-xy=\"xo:2px,1px,0,3px;yo:105px,97px,73px,98px;\"\n\t\t\t\t\t\t\t\tdata-text=\"w:normal;s:20,18,13,8;l:0,23,17,10;\"\n\t\t\t\t\t\t\t\tdata-dim=\"w:211px,196px,148px,163px;h:55px,51px,38px,42px;\"\n\t\t\t\t\t\t\t\tdata-frame_999=\"o:0;st:w;\"\n\t\t\t\t\t\t\t\tstyle=\"z-index:7;\"\n\t\t\t\t\t\t\t><img loading=\"lazy\" decoding=\"async\" src=\"\/\/www.maisons-geode.com\/constructeur\/wp-content\/uploads\/2024\/08\/nouveau.png\" width=\"211\" height=\"55\" data-no-retina> \n\t\t\t\t\t\t\t<\/rs-layer><!--\n-->\t\t\t\t\t\t<\/rs-slide>\n\t\t\t\t\t<\/rs-slides>\n\t\t\t\t<\/rs-module>\n\t\t\t\t<script type=\"text\/javascript\">\n\t\t\t\t\tsetREVStartSize({c: 'rev_slider_1_1',rl:[1240,1024,778,480],el:[500,500,400,400],gw:[1100,1024,778,480],gh:[500,500,400,400],type:'standard',justify:'',layout:'fullwidth',mh:\"0\"});\n\t\t\t\t\tvar\trevapi1,\n\t\t\t\t\t\ttpj;\n\t\t\t\t\tfunction revinit_revslider11() {\n\t\t\t\t\tjQuery(function() {\n\t\t\t\t\t\ttpj = jQuery;\n\t\t\t\t\t\trevapi1 = tpj(\"#rev_slider_1_1\");\n\t\t\t\t\t\tif(revapi1==undefined || revapi1.revolution == undefined){\n\t\t\t\t\t\t\trevslider_showDoubleJqueryError(\"rev_slider_1_1\");\n\t\t\t\t\t\t}else{\n\t\t\t\t\t\t\trevapi1.revolution({\n\t\t\t\t\t\t\t\tsliderLayout:\"fullwidth\",\n\t\t\t\t\t\t\t\tduration:\"7000ms\",\n\t\t\t\t\t\t\t\tvisibilityLevels:\"1240,1024,778,480\",\n\t\t\t\t\t\t\t\tgridwidth:\"1100,1024,778,480\",\n\t\t\t\t\t\t\t\tgridheight:\"500,500,400,400\",\n\t\t\t\t\t\t\t\tperspective:600,\n\t\t\t\t\t\t\t\tperspectiveType:\"global\",\n\t\t\t\t\t\t\t\teditorheight:\"500,500,400,400\",\n\t\t\t\t\t\t\t\tresponsiveLevels:\"1240,1024,778,480\",\n\t\t\t\t\t\t\t\tprogressBar:{disableProgressBar:true},\n\t\t\t\t\t\t\t\tnavigation: {\n\t\t\t\t\t\t\t\t\tonHoverStop:false\n\t\t\t\t\t\t\t\t},\n\t\t\t\t\t\t\t\tfallbacks: {\n\t\t\t\t\t\t\t\t\tallowHTML5AutoPlayOnAndroid:true\n\t\t\t\t\t\t\t\t},\n\t\t\t\t\t\t\t});\n\t\t\t\t\t\t}\n\t\t\t\t\t\t\n\t\t\t\t\t});\n\t\t\t\t\t} \/\/ End of RevInitScript\n\t\t\t\tvar once_revslider11 = false;\n\t\t\t\tif (document.readyState === \"loading\") {document.addEventListener('readystatechange',function() { if((document.readyState === \"interactive\" || document.readyState === \"complete\") && !once_revslider11 ) { once_revslider11 = true; revinit_revslider11();}});} else {once_revslider11 = true; revinit_revslider11();}\n\t\t\t\t<\/script>\n\t\t\t<\/rs-module-wrap>\n\t\t\t<!-- END REVOLUTION SLIDER -->\n[\/vc_column][\/vc_row][vc_row css_animation=\u00a0\u00bbelement_from_left\u00a0\u00bb row_type=\u00a0\u00bbrow\u00a0\u00bb use_row_as_full_screen_section=\u00a0\u00bbno\u00a0\u00bb type=\u00a0\u00bbgrid\u00a0\u00bb angled_section=\u00a0\u00bbno\u00a0\u00bb text_align=\u00a0\u00bbleft\u00a0\u00bb background_image_as_pattern=\u00a0\u00bbwithout_pattern\u00a0\u00bb z_index=\u00a0\u00bb\u00a0\u00bb padding_top=\u00a0\u00bb30&Prime; padding_bottom=\u00a0\u00bb30&Prime; el_id=\u00a0\u00bbhome-portfolio-decouvrir\u00a0\u00bb][vc_column][vc_column_text]<\/p>\n<h2 style=\"text-align: center;\">Quelques unes de nos derni\u00e8res R\u00c9ALISATIONS<\/h2>\n<p style=\"text-align: center;\">Donnez vie \u00e0 vos envies<\/p>\n<p>[\/vc_column_text][vc_empty_space height=\u00a0\u00bb20px\u00a0\u00bb]<div class='projects_holder_outer v3 portfolio_with_space portfolio_standard'>\n        <div class='projects_holder portfolio_main_holder clearfix v3 standard portfolio_landscape_image portfolio_one_by_one'>\n        \n        <article class='mix portfolio_category_18 default' style=''>\n    \n    \n    \n                <div class='image_holder'>\n                <a itemprop='url' class='portfolio_link_for_touch' href='https:\/\/www.maisons-geode.com\/constructeur\/portfolio_page\/beu-04\/' target=''>\n                    \n<span class='image'><img loading=\"lazy\" decoding=\"async\" width=\"800\" height=\"600\" src=\"https:\/\/www.maisons-geode.com\/constructeur\/wp-content\/uploads\/2021\/09\/beu-04-013-800x600.jpg\" class=\"attachment-portfolio-landscape size-portfolio-landscape wp-post-image\" alt=\"\" \/><\/span>                <\/a>\n\n                <span class='text_holder'>\n    <span class='text_outer'>\n        <span class='text_inner'>\n            <span class='feature_holder'>\n                            <span class=\"feature_holder_icons\">';\n                    \n                            <a itemprop='url' class='preview qbutton small white' href='https:\/\/www.maisons-geode.com\/constructeur\/portfolio_page\/beu-04\/' target='_self'>Voir<\/i><\/a>\n    \n                                            <\/span>\n        <\/span>\n    <\/span>\n<\/span>            <\/div>\n                    \n<\/article>\n<article class='mix portfolio_category_18 default' style=''>\n    \n    \n    \n                <div class='image_holder'>\n                <a itemprop='url' class='portfolio_link_for_touch' href='https:\/\/www.maisons-geode.com\/constructeur\/portfolio_page\/beu-04-5-4\/' target=''>\n                    \n<span class='image'><img loading=\"lazy\" decoding=\"async\" width=\"800\" height=\"600\" src=\"https:\/\/www.maisons-geode.com\/constructeur\/wp-content\/uploads\/2021\/12\/13-1-800x600.jpg\" class=\"attachment-portfolio-landscape size-portfolio-landscape wp-post-image\" alt=\"\" \/><\/span>                <\/a>\n\n                <span class='text_holder'>\n    <span class='text_outer'>\n        <span class='text_inner'>\n            <span class='feature_holder'>\n                            <span class=\"feature_holder_icons\">';\n                    \n                            <a itemprop='url' class='preview qbutton small white' href='https:\/\/www.maisons-geode.com\/constructeur\/portfolio_page\/beu-04-5-4\/' target='_self'>Voir<\/i><\/a>\n    \n                                            <\/span>\n        <\/span>\n    <\/span>\n<\/span>            <\/div>\n                    \n<\/article>\n<article class='mix portfolio_category_18 default' style=''>\n    \n    \n    \n                <div class='image_holder'>\n                <a itemprop='url' class='portfolio_link_for_touch' href='https:\/\/www.maisons-geode.com\/constructeur\/portfolio_page\/beu-04-4-2\/' target=''>\n                    \n<span class='image'><img loading=\"lazy\" decoding=\"async\" width=\"800\" height=\"600\" src=\"https:\/\/www.maisons-geode.com\/constructeur\/wp-content\/uploads\/2021\/10\/10Salle-de-billard-800x600.jpg\" class=\"attachment-portfolio-landscape size-portfolio-landscape wp-post-image\" alt=\"\" \/><\/span>                <\/a>\n\n                <span class='text_holder'>\n    <span class='text_outer'>\n        <span class='text_inner'>\n            <span class='feature_holder'>\n                            <span class=\"feature_holder_icons\">';\n                    \n                            <a itemprop='url' class='preview qbutton small white' href='https:\/\/www.maisons-geode.com\/constructeur\/portfolio_page\/beu-04-4-2\/' target='_self'>Voir<\/i><\/a>\n    \n                                            <\/span>\n        <\/span>\n    <\/span>\n<\/span>            <\/div>\n                    \n<\/article>\n        <div class='filler'><\/div>\n            <div class='filler'><\/div>\n            <div class='filler'><\/div>\n        <\/div>\n\n    \n    <\/div>[\/vc_column][\/vc_row][vc_row css_animation=\u00a0\u00bbelement_from_right\u00a0\u00bb row_type=\u00a0\u00bbrow\u00a0\u00bb use_row_as_full_screen_section=\u00a0\u00bbno\u00a0\u00bb type=\u00a0\u00bbgrid\u00a0\u00bb angled_section=\u00a0\u00bbno\u00a0\u00bb text_align=\u00a0\u00bbleft\u00a0\u00bb background_image_as_pattern=\u00a0\u00bbwithout_pattern\u00a0\u00bb z_index=\u00a0\u00bb\u00a0\u00bb][vc_column width=\u00a0\u00bb2\/3&Prime;][vc_single_image image=\u00a0\u00bb872&Prime; img_size=\u00a0\u00bbfull\u00a0\u00bb qode_css_animation=\u00a0\u00bb\u00a0\u00bb][\/vc_column][vc_column width=\u00a0\u00bb1\/3&Prime;][vc_empty_space height=\u00a0\u00bb90&Prime;][vc_column_text]<\/p>\n<h4 style=\"text-align: center;\">Vous avez un projet<br \/>\nde maison individuelle ?<\/h4>\n<p style=\"text-align: center;\">Contactez votre constructeur C.C.M.I.<\/p>\n<p>[\/vc_column_text][vc_empty_space height=\u00a0\u00bb20&Prime;][vc_column_text css=\u00a0\u00bb.vc_custom_1510651295472{padding-top: 10px !important;padding-bottom: 10px !important;background-color: #e0e0e0 !important;border-radius: 5px !important;}\u00a0\u00bb]<\/p>\n<p style=\"text-align: center;\"><strong>Romain PICINALI : 06 31 30 86 66<\/strong><\/p>\n<p>[\/vc_column_text][vc_empty_space height=\u00a0\u00bb20&Prime;][vc_column_text css=\u00a0\u00bb.vc_custom_1461247612085{padding-top: 7px !important;padding-bottom: 7px !important;background-color: #e0e0e0 !important;border-radius: 5px !important;}\u00a0\u00bb]<\/p>\n<p style=\"text-align: center;\"><a style=\"font-size: 28px;\" href=\"https:\/\/www.maisons-geode.com\/constructeur\/contact\/\"><b>CONTACTEZ-NOUS<\/b><\/a><\/p>\n<p>[\/vc_column_text][vc_empty_space height=\u00a0\u00bb20&Prime;][vc_column_text css=\u00a0\u00bb.vc_custom_1461316001759{padding-top: 10px !important;padding-bottom: 10px !important;background-color: #e0e0e0 !important;border-radius: 5px !important;}\u00a0\u00bb]<\/p>\n<p style=\"text-align: center;\"><strong>Philippe ANDREACCHIO : 06 73 73 54 81<\/strong><\/p>\n<p>[\/vc_column_text][\/vc_column][\/vc_row][vc_row css_animation=\u00a0\u00bbelement_from_bottom\u00a0\u00bb row_type=\u00a0\u00bbrow\u00a0\u00bb use_row_as_full_screen_section=\u00a0\u00bbno\u00a0\u00bb type=\u00a0\u00bbgrid\u00a0\u00bb angled_section=\u00a0\u00bbno\u00a0\u00bb text_align=\u00a0\u00bbleft\u00a0\u00bb background_image_as_pattern=\u00a0\u00bbwithout_pattern\u00a0\u00bb z_index=\u00a0\u00bb\u00a0\u00bb padding_top=\u00a0\u00bb60&Prime; padding_bottom=\u00a0\u00bb60&Prime;][vc_column][vc_column_text]<\/p>\n<h2 style=\"text-align: center;\">Actualit\u00e9s<\/h2>\n<p style=\"text-align: center;\">Restons en contact, suivez nos derni\u00e8res infos<\/p>\n<p>[\/vc_column_text][vc_empty_space height=\u00a0\u00bb20px\u00a0\u00bb]\n<div class='latest_post_holder boxes two_columns one_row' >\n    <ul>\n    \n        <li class=\"clearfix\">\n            <div class=\"boxes_image\">\n                                <a itemprop=\"url\" href=\"https:\/\/www.maisons-geode.com\/constructeur\/un-bel-escalier-sur-mesure-pose-dans-une-maison-geode-2-4-2-2-2-2-2\/\"><img loading=\"lazy\" decoding=\"async\" width=\"539\" height=\"303\" src=\"https:\/\/www.maisons-geode.com\/constructeur\/wp-content\/uploads\/2025\/10\/IMG-20250923-WA0003-2-e1759491314255-539x303.jpg\" class=\"attachment-latest_post_boxes size-latest_post_boxes wp-post-image\" alt=\"\" \/><\/a>\n            <\/div>\n            <div class=\"latest_post\"  >\n                <div class=\"latest_post_text\">\n                    <div class=\"latest_post_inner\">\n                        <div class=\"latest_post_text_inner\">\n                            <h3 itemprop=\"name\" class=\"latest_post_title entry_title\"><a itemprop=\"url\" href=\"https:\/\/www.maisons-geode.com\/constructeur\/un-bel-escalier-sur-mesure-pose-dans-une-maison-geode-2-4-2-2-2-2-2\/\">PROJET EN COURS &#8211; ECHAFAUDAGES POSES<\/a><\/h3>\n                            <p class=\"excerpt\">Parce que le travail de nos artisans en s\u00e9curit\u00e9 est notre priorit\u00e9, nous installons sur tous nos ch...<\/p>\n                            <span class=\"post_infos\">\n                                                                                                \n                                \n                                                            <\/span>\n                        <\/div>\n                    <\/div>\n                <\/div>\n            <\/div>\n        <\/li>\n    \n        <li class=\"clearfix\">\n            <div class=\"boxes_image\">\n                                <a itemprop=\"url\" href=\"https:\/\/www.maisons-geode.com\/constructeur\/un-bel-escalier-sur-mesure-pose-dans-une-maison-geode-2-4-2-2-2-2\/\"><img loading=\"lazy\" decoding=\"async\" width=\"539\" height=\"303\" src=\"https:\/\/www.maisons-geode.com\/constructeur\/wp-content\/uploads\/2025\/10\/IMG-20241015-WA0008-539x303.jpg\" class=\"attachment-latest_post_boxes size-latest_post_boxes wp-post-image\" alt=\"\" \/><\/a>\n            <\/div>\n            <div class=\"latest_post\"  >\n                <div class=\"latest_post_text\">\n                    <div class=\"latest_post_inner\">\n                        <div class=\"latest_post_text_inner\">\n                            <h3 itemprop=\"name\" class=\"latest_post_title entry_title\"><a itemprop=\"url\" href=\"https:\/\/www.maisons-geode.com\/constructeur\/un-bel-escalier-sur-mesure-pose-dans-une-maison-geode-2-4-2-2-2-2\/\">UN PROJET SUR UN TERRAIN EN FORTE PENTE ? AUCUN SOUCI POUR NOUS<\/a><\/h3>\n                            <p class=\"excerpt\">...<\/p>\n                            <span class=\"post_infos\">\n                                                                                                \n                                \n                                                            <\/span>\n                        <\/div>\n                    <\/div>\n                <\/div>\n            <\/div>\n        <\/li>\n        <\/ul>\n<\/div>[\/vc_column][\/vc_row][vc_row css_animation=\u00a0\u00bb\u00a0\u00bb row_type=\u00a0\u00bbrow\u00a0\u00bb use_row_as_full_screen_section=\u00a0\u00bbno\u00a0\u00bb type=\u00a0\u00bbgrid\u00a0\u00bb angled_section=\u00a0\u00bbno\u00a0\u00bb text_align=\u00a0\u00bbleft\u00a0\u00bb background_image_as_pattern=\u00a0\u00bbwithout_pattern\u00a0\u00bb background_color=\u00a0\u00bb#e0e0e0&Prime; z_index=\u00a0\u00bb\u00a0\u00bb padding_top=\u00a0\u00bb30&Prime; padding_bottom=\u00a0\u00bb30&Prime;][vc_column][vc_column_text]<\/p>\n<h2 style=\"text-align: center;\">Construisons ensemble vos envies<\/h2>\n<p>[\/vc_column_text][vc_empty_space height=\u00a0\u00bb20px\u00a0\u00bb][vc_column_text]Maisons GEODE, constructeur r\u00e9gional de Maisons individuelles. Secteurs de METZ et THIONVILLE. <strong>30 maisons personnalis\u00e9es par an. <\/strong>MAISONS GEODE propose pour chaque client\u00a0: un am\u00e9nagement unique, une prestation unique, un suivi unique, <strong>une haute qualit\u00e9 thermique en RE 2020<\/strong>, des produits innovants, <strong>un budget toujours parfaitement<\/strong> <strong>cadr\u00e9. <\/strong>MAISONS GEODE propose pour chaque client\u00a0: une \u00e9coute, un conseil, un service, une fiabilit\u00e9 technique et une grande clart\u00e9.<\/p>\n<p><strong>MAISONS GEODE\u00a0: une \u00e9quipe exp\u00e9riment\u00e9e, tourn\u00e9e vers le futur.<\/strong>[\/vc_column_text][vc_raw_js]JTNDc2NyaXB0JTNFJTBBJTBBbGV0JTIwZWxlbWVudHMlMjAlM0QlMjBkb2N1bWVudC5xdWVyeVNlbGVjdG9yQWxsJTI4JTIyYS5wcmV2aWV3LnFidXR0b24uc21hbGwud2hpdGUlMjIlMjklM0IlMEElMkYlMkYlMjBQYXJjb3VycyUyMGNoYXF1ZSUyMCVDMyVBOWwlQzMlQTltZW50JTIwZXQlMjByZW1wbGFjZSUyMGxlJTIwdGV4dGUlMjAlMjJWb2lyJTIyJTIwcGFyJTIwJTIyRCVDMyVBOWNvdXZyaXIlMjIlMEFlbGVtZW50cy5mb3JFYWNoJTI4ZWxlbWVudCUyMCUzRCUzRSUyMCU3QiUwQSUyMCUyMCUyMCUyMGlmJTIwJTI4ZWxlbWVudC50ZXh0Q29udGVudC50cmltJTI4JTI5JTIwJTNEJTNEJTNEJTIwJTIyVm9pciUyMiUyOSUyMCU3QiUwQSUyMCUyMCUyMCUyMCUyMCUyMCUyMCUyMGVsZW1lbnQudGV4dENvbnRlbnQlMjAlM0QlMjAlMjJEJUMzJUE5Y291dnJpciUyMiUzQiUwQSUyMCUyMCUyMCUyMCU3RCUwQSU3RCUyOSUzQiUwQSUwQSUzQyUyRnNjcmlwdCUzRQ==[\/vc_raw_js][\/vc_column][\/vc_row]<\/p>\n","protected":false},"excerpt":{"rendered":"<p>[vc_row css_animation=\u00a0\u00bb\u00a0\u00bb row_type=\u00a0\u00bbrow\u00a0\u00bb use_row_as_full_screen_section=\u00a0\u00bbno\u00a0\u00bb type=\u00a0\u00bbfull_width\u00a0\u00bb angled_section=\u00a0\u00bbno\u00a0\u00bb text_align=\u00a0\u00bbleft\u00a0\u00bb background_image_as_pattern=\u00a0\u00bbwithout_pattern\u00a0\u00bb][vc_column][\/vc_column][\/vc_row][vc_row css_animation=\u00a0\u00bbelement_from_left\u00a0\u00bb row_type=\u00a0\u00bbrow\u00a0\u00bb use_row_as_full_screen_section=\u00a0\u00bbno\u00a0\u00bb type=\u00a0\u00bbgrid\u00a0\u00bb angled_section=\u00a0\u00bbno\u00a0\u00bb text_align=\u00a0\u00bbleft\u00a0\u00bb background_image_as_pattern=\u00a0\u00bbwithout_pattern\u00a0\u00bb z_index=\u00a0\u00bb\u00a0\u00bb padding_top=\u00a0\u00bb30&Prime; padding_bottom=\u00a0\u00bb30&Prime; el_id=\u00a0\u00bbhome-portfolio-decouvrir\u00a0\u00bb][vc_column][vc_column_text] Quelques unes de nos derni\u00e8res R\u00c9ALISATIONS Donnez vie \u00e0 vos envies [\/vc_column_text][vc_empty_space height=\u00a0\u00bb20px\u00a0\u00bb][\/vc_column][\/vc_row][vc_row css_animation=\u00a0\u00bbelement_from_right\u00a0\u00bb row_type=\u00a0\u00bbrow\u00a0\u00bb use_row_as_full_screen_section=\u00a0\u00bbno\u00a0\u00bb type=\u00a0\u00bbgrid\u00a0\u00bb angled_section=\u00a0\u00bbno\u00a0\u00bb text_align=\u00a0\u00bbleft\u00a0\u00bb background_image_as_pattern=\u00a0\u00bbwithout_pattern\u00a0\u00bb z_index=\u00a0\u00bb\u00a0\u00bb][vc_column width=\u00a0\u00bb2\/3&Prime;][vc_single_image image=\u00a0\u00bb872&Prime; img_size=\u00a0\u00bbfull\u00a0\u00bb qode_css_animation=\u00a0\u00bb\u00a0\u00bb][\/vc_column][vc_column width=\u00a0\u00bb1\/3&Prime;][vc_empty_space&#8230;<\/p>\n","protected":false},"author":5,"featured_media":0,"parent":0,"menu_order":0,"comment_status":"closed","ping_status":"closed","template":"full_width.php","meta":{"footnotes":""},"class_list":["post-836","page","type-page","status-publish","hentry"],"_links":{"self":[{"href":"https:\/\/www.maisons-geode.com\/constructeur\/wp-json\/wp\/v2\/pages\/836","targetHints":{"allow":["GET"]}}],"collection":[{"href":"https:\/\/www.maisons-geode.com\/constructeur\/wp-json\/wp\/v2\/pages"}],"about":[{"href":"https:\/\/www.maisons-geode.com\/constructeur\/wp-json\/wp\/v2\/types\/page"}],"author":[{"embeddable":true,"href":"https:\/\/www.maisons-geode.com\/constructeur\/wp-json\/wp\/v2\/users\/5"}],"replies":[{"embeddable":true,"href":"https:\/\/www.maisons-geode.com\/constructeur\/wp-json\/wp\/v2\/comments?post=836"}],"version-history":[{"count":6,"href":"https:\/\/www.maisons-geode.com\/constructeur\/wp-json\/wp\/v2\/pages\/836\/revisions"}],"predecessor-version":[{"id":1821,"href":"https:\/\/www.maisons-geode.com\/constructeur\/wp-json\/wp\/v2\/pages\/836\/revisions\/1821"}],"wp:attachment":[{"href":"https:\/\/www.maisons-geode.com\/constructeur\/wp-json\/wp\/v2\/media?parent=836"}],"curies":[{"name":"wp","href":"https:\/\/api.w.org\/{rel}","templated":true}]}}