{"id":8,"date":"2016-04-21T12:15:08","date_gmt":"2016-04-21T10:15:08","guid":{"rendered":"https:\/\/www.maisons-geode.com\/constructeur\/?page_id=8"},"modified":"2024-08-20T09:14:46","modified_gmt":"2024-08-20T07:14:46","slug":"presentation","status":"publish","type":"page","link":"https:\/\/www.maisons-geode.com\/constructeur\/presentation\/","title":{"rendered":"Pr\u00e9sentation"},"content":{"rendered":"<p>[vc_row css_animation=\u00a0\u00bb\u00a0\u00bb row_type=\u00a0\u00bbrow\u00a0\u00bb use_row_as_full_screen_section=\u00a0\u00bbno\u00a0\u00bb type=\u00a0\u00bbgrid\u00a0\u00bb angled_section=\u00a0\u00bbno\u00a0\u00bb text_align=\u00a0\u00bbleft\u00a0\u00bb background_image_as_pattern=\u00a0\u00bbwithout_pattern\u00a0\u00bb background_color=\u00a0\u00bb#0a4b7d\u00a0\u00bb padding_top=\u00a0\u00bb10&Prime; padding_bottom=\u00a0\u00bb10&Prime;][vc_column][vc_column_text]<\/p>\n<h1>Pr\u00e9sentation<\/h1>\n<p>[\/vc_column_text][\/vc_column][\/vc_row][vc_row css_animation=\u00a0\u00bb\u00a0\u00bb row_type=\u00a0\u00bbrow\u00a0\u00bb use_row_as_full_screen_section=\u00a0\u00bbno\u00a0\u00bb type=\u00a0\u00bbfull_width\u00a0\u00bb angled_section=\u00a0\u00bbno\u00a0\u00bb text_align=\u00a0\u00bbleft\u00a0\u00bb background_image_as_pattern=\u00a0\u00bbwithout_pattern\u00a0\u00bb][vc_column][vc_empty_space height=\u00a0\u00bb40px\u00a0\u00bb][\/vc_column][\/vc_row][vc_row css_animation=\u00a0\u00bb\u00a0\u00bb row_type=\u00a0\u00bbrow\u00a0\u00bb use_row_as_full_screen_section=\u00a0\u00bbno\u00a0\u00bb type=\u00a0\u00bbgrid\u00a0\u00bb angled_section=\u00a0\u00bbno\u00a0\u00bb text_align=\u00a0\u00bbleft\u00a0\u00bb background_image_as_pattern=\u00a0\u00bbwithout_pattern\u00a0\u00bb][vc_column css_animation=\u00a0\u00bbfadeInLeft\u00a0\u00bb width=\u00a0\u00bb1\/2&Prime;][vc_single_image image=\u00a0\u00bb922&Prime; img_size=\u00a0\u00bbfull\u00a0\u00bb alignment=\u00a0\u00bbright\u00a0\u00bb qode_css_animation=\u00a0\u00bbelement_from_right\u00a0\u00bb][\/vc_column][vc_column css_animation=\u00a0\u00bbfadeInRight\u00a0\u00bb width=\u00a0\u00bb1\/2&Prime;][vc_column_text]<\/p>\n<h2>Votre projet est unique<\/h2>\n<p style=\"text-align: justify;\">Notre connaissance parfaite des nombreuses \u00e9tapes qui jalonnent une construction et notre ma\u00eetrise technique des proc\u00e9d\u00e9s de fabrication et des diff\u00e9rents produits, vous assureront une maison comme vous l\u2019avez souhait\u00e9e.<\/p>\n<p style=\"text-align: justify;\"><strong>VOUS \u00caTES UNIQUE, VOTRE PROJET EST UNIQUE<\/strong><\/p>\n<p>[\/vc_column_text][vc_empty_space height=\u00a0\u00bb40px\u00a0\u00bb][vc_column_text]<\/p>\n<h2>Le choix de la qualit\u00e9<\/h2>\n<p>MAISONS G\u00c9ODE, dans sa philosophie de recherche de la qualit\u00e9 optimale, a opt\u00e9 pour un nombre annuel restreint de constructions. (30 MAISONS PAR AN)<\/p>\n<p><strong>POUR NOUS, LA QUALIT\u00c9 NE SUPPORTE PAS LE NOMBRE.<\/strong>[\/vc_column_text][vc_empty_space height=\u00a0\u00bb40px\u00a0\u00bb][vc_column_text]<\/p>\n<h2>Nos engagements<\/h2>\n<p>Dans votre projet chez MAISONS G\u00c9ODE, \u00e0 chaque instant, vous pourrez conna\u00eetre l\u2019\u00e9volution de votre dossier et des travaux de votre maison.<\/p>\n<p><strong>VOUS POUVEZ CONSULTER NOTRE <span style=\"color: #0a4b7d;\"><a style=\"color: #0a4b7d;\" href=\"https:\/\/www.maisons-geode.com\/constructeur\/engagement-qualite\/\">ENGAGEMENT QUALIT\u00c9<\/a><\/span><\/strong>[\/vc_column_text][\/vc_column][\/vc_row][vc_row css_animation=\u00a0\u00bb\u00a0\u00bb row_type=\u00a0\u00bbrow\u00a0\u00bb use_row_as_full_screen_section=\u00a0\u00bbno\u00a0\u00bb type=\u00a0\u00bbfull_width\u00a0\u00bb angled_section=\u00a0\u00bbno\u00a0\u00bb text_align=\u00a0\u00bbleft\u00a0\u00bb background_image_as_pattern=\u00a0\u00bbwithout_pattern\u00a0\u00bb][vc_column][vc_empty_space height=\u00a0\u00bb40px\u00a0\u00bb][\/vc_column][\/vc_row][vc_row row_type=\u00a0\u00bbparallax\u00a0\u00bb parallax_content_width=\u00a0\u00bbin_grid\u00a0\u00bb text_align=\u00a0\u00bbleft\u00a0\u00bb full_screen_section_height=\u00a0\u00bbno\u00a0\u00bb background_image=\u00a0\u00bb984&Prime; el_class=\u00a0\u00bbgerant\u00a0\u00bb][vc_column][vc_row_inner row_type=\u00a0\u00bbrow\u00a0\u00bb type=\u00a0\u00bbgrid\u00a0\u00bb text_align=\u00a0\u00bbleft\u00a0\u00bb css_animation=\u00a0\u00bb\u00a0\u00bb padding_top=\u00a0\u00bb30&Prime; padding_bottom=\u00a0\u00bb50&Prime;][vc_column_inner width=\u00a0\u00bb1\/3&Prime;][vc_column_text]<\/p>\n<h4 style=\"text-align: center;\">Philippe ANDREACCHIO<\/h4>\n<p style=\"text-align: center;\">ASSOCIE<\/p>\n<p>[\/vc_column_text][vc_separator type=\u00a0\u00bbnormal\u00a0\u00bb color=\u00a0\u00bb#e0e0e0&Prime; up=\u00a0\u00bb10&Prime; down=\u00a0\u00bb20&Prime;][vc_column_text]Technico-commercial, rejoint MAISONS GEODE d\u00e8s 2006. Disponible, imaginatif, enthousiaste, motiv\u00e9,<\/p>\n<p>Assure le lien entre la commercialisation et les travaux, effectue les visites techniques des terrains pour une implantation et orientation optimales de la maison, assure le suivi de l\u2019\u00e9tude thermique pour le permis de construire, suit le permis de construire jusqu\u2019au d\u00e9marrage travaux, suit la disponibilit\u00e9 des terrains, participe \u00e0 la commercialisation des maisons et \u00e0 leur construction.[\/vc_column_text][\/vc_column_inner][vc_column_inner width=\u00a0\u00bb1\/3&Prime;][vc_column_text]<\/p>\n<h4 style=\"text-align: center;\">Thomas PICINALI<\/h4>\n<p style=\"text-align: center;\">ASSOCIE<\/p>\n<p>[\/vc_column_text][vc_separator type=\u00a0\u00bbnormal\u00a0\u00bb color=\u00a0\u00bb#e0e0e0&Prime; up=\u00a0\u00bb10&Prime; down=\u00a0\u00bb20&Prime;][vc_column_text]Titulaire d\u2019une Licence B\u00e2timent, Conducteur de travaux, rejoint MAISONS GEODE en 2015.<\/p>\n<p>Impliqu\u00e9, concentr\u00e9, disponible, s\u00e9rieux,<\/p>\n<p>Assure le suivi et le contr\u00f4le des\u00a0travaux, effectue la planification et les m\u00e9tr\u00e9s.[\/vc_column_text][\/vc_column_inner][vc_column_inner width=\u00a0\u00bb1\/3&Prime;][vc_column_text]<\/p>\n<h4 style=\"text-align: center;\">Romain PICINALI<\/h4>\n<p style=\"text-align: center;\">ASSOCIE<\/p>\n<p>[\/vc_column_text][vc_separator type=\u00a0\u00bbnormal\u00a0\u00bb color=\u00a0\u00bb#e0e0e0&Prime; up=\u00a0\u00bb10&Prime; down=\u00a0\u00bb20&Prime;][vc_column_text]Ing\u00e9nieur ESITC (Ecole sup\u00e9rieure d&rsquo;Ing\u00e9nieurs des Travaux de la Construction).<\/p>\n<p>Assure la commercialisation et le lien jusqu&rsquo;aux travaux, effectue les visites techniques des terrains pour une implantation et orientation optimales de la maison, assure le suivi de l&rsquo;\u00e9tude thermique pour le permis de construire, suit le permis de construire jusqu&rsquo;au d\u00e9marrage travaux, suit la disponibilit\u00e9 des terrains, participe \u00e0 la commercialisation des maisons.[\/vc_column_text][\/vc_column_inner][\/vc_row_inner][\/vc_column][\/vc_row]<\/p>\n","protected":false},"excerpt":{"rendered":"<p>[vc_row css_animation=\u00a0\u00bb\u00a0\u00bb row_type=\u00a0\u00bbrow\u00a0\u00bb use_row_as_full_screen_section=\u00a0\u00bbno\u00a0\u00bb type=\u00a0\u00bbgrid\u00a0\u00bb angled_section=\u00a0\u00bbno\u00a0\u00bb text_align=\u00a0\u00bbleft\u00a0\u00bb background_image_as_pattern=\u00a0\u00bbwithout_pattern\u00a0\u00bb background_color=\u00a0\u00bb#0a4b7d\u00a0\u00bb padding_top=\u00a0\u00bb10&Prime; padding_bottom=\u00a0\u00bb10&Prime;][vc_column][vc_column_text] Pr\u00e9sentation [\/vc_column_text][\/vc_column][\/vc_row][vc_row css_animation=\u00a0\u00bb\u00a0\u00bb row_type=\u00a0\u00bbrow\u00a0\u00bb use_row_as_full_screen_section=\u00a0\u00bbno\u00a0\u00bb type=\u00a0\u00bbfull_width\u00a0\u00bb angled_section=\u00a0\u00bbno\u00a0\u00bb text_align=\u00a0\u00bbleft\u00a0\u00bb background_image_as_pattern=\u00a0\u00bbwithout_pattern\u00a0\u00bb][vc_column][vc_empty_space height=\u00a0\u00bb40px\u00a0\u00bb][\/vc_column][\/vc_row][vc_row css_animation=\u00a0\u00bb\u00a0\u00bb row_type=\u00a0\u00bbrow\u00a0\u00bb use_row_as_full_screen_section=\u00a0\u00bbno\u00a0\u00bb type=\u00a0\u00bbgrid\u00a0\u00bb angled_section=\u00a0\u00bbno\u00a0\u00bb text_align=\u00a0\u00bbleft\u00a0\u00bb background_image_as_pattern=\u00a0\u00bbwithout_pattern\u00a0\u00bb][vc_column css_animation=\u00a0\u00bbfadeInLeft\u00a0\u00bb width=\u00a0\u00bb1\/2&Prime;][vc_single_image image=\u00a0\u00bb922&Prime; img_size=\u00a0\u00bbfull\u00a0\u00bb alignment=\u00a0\u00bbright\u00a0\u00bb qode_css_animation=\u00a0\u00bbelement_from_right\u00a0\u00bb][\/vc_column][vc_column css_animation=\u00a0\u00bbfadeInRight\u00a0\u00bb width=\u00a0\u00bb1\/2&Prime;][vc_column_text] Votre projet est unique Notre connaissance parfaite des nombreuses&#8230;<\/p>\n","protected":false},"author":1,"featured_media":0,"parent":0,"menu_order":0,"comment_status":"closed","ping_status":"closed","template":"full_width.php","meta":{"footnotes":""},"class_list":["post-8","page","type-page","status-publish","hentry"],"_links":{"self":[{"href":"https:\/\/www.maisons-geode.com\/constructeur\/wp-json\/wp\/v2\/pages\/8","targetHints":{"allow":["GET"]}}],"collection":[{"href":"https:\/\/www.maisons-geode.com\/constructeur\/wp-json\/wp\/v2\/pages"}],"about":[{"href":"https:\/\/www.maisons-geode.com\/constructeur\/wp-json\/wp\/v2\/types\/page"}],"author":[{"embeddable":true,"href":"https:\/\/www.maisons-geode.com\/constructeur\/wp-json\/wp\/v2\/users\/1"}],"replies":[{"embeddable":true,"href":"https:\/\/www.maisons-geode.com\/constructeur\/wp-json\/wp\/v2\/comments?post=8"}],"version-history":[{"count":10,"href":"https:\/\/www.maisons-geode.com\/constructeur\/wp-json\/wp\/v2\/pages\/8\/revisions"}],"predecessor-version":[{"id":1677,"href":"https:\/\/www.maisons-geode.com\/constructeur\/wp-json\/wp\/v2\/pages\/8\/revisions\/1677"}],"wp:attachment":[{"href":"https:\/\/www.maisons-geode.com\/constructeur\/wp-json\/wp\/v2\/media?parent=8"}],"curies":[{"name":"wp","href":"https:\/\/api.w.org\/{rel}","templated":true}]}}