{"id":26,"date":"2016-04-21T12:18:47","date_gmt":"2016-04-21T10:18:47","guid":{"rendered":"https:\/\/www.maisons-geode.com\/constructeur\/?page_id=26"},"modified":"2018-02-09T10:42:20","modified_gmt":"2018-02-09T09:42:20","slug":"mentions-legales","status":"publish","type":"page","link":"https:\/\/www.maisons-geode.com\/constructeur\/mentions-legales\/","title":{"rendered":"Mentions l\u00e9gales"},"content":{"rendered":"<p>[vc_row css_animation=\u00a0\u00bb\u00a0\u00bb row_type=\u00a0\u00bbrow\u00a0\u00bb use_row_as_full_screen_section=\u00a0\u00bbno\u00a0\u00bb type=\u00a0\u00bbgrid\u00a0\u00bb angled_section=\u00a0\u00bbno\u00a0\u00bb text_align=\u00a0\u00bbleft\u00a0\u00bb background_image_as_pattern=\u00a0\u00bbwithout_pattern\u00a0\u00bb background_color=\u00a0\u00bb#0a4b7d\u00a0\u00bb][vc_column][vc_column_text css=\u00a0\u00bb.vc_custom_1461314005726{padding-top: 10px !important;padding-bottom: 10px !important;}\u00a0\u00bb]<\/p>\n<h1>Mentions l\u00e9gales<\/h1>\n<p>[\/vc_column_text][\/vc_column][\/vc_row][vc_row css_animation=\u00a0\u00bb\u00a0\u00bb row_type=\u00a0\u00bbrow\u00a0\u00bb use_row_as_full_screen_section=\u00a0\u00bbno\u00a0\u00bb type=\u00a0\u00bbgrid\u00a0\u00bb angled_section=\u00a0\u00bbno\u00a0\u00bb text_align=\u00a0\u00bbleft\u00a0\u00bb background_image_as_pattern=\u00a0\u00bbwithout_pattern\u00a0\u00bb][vc_column][vc_separator type=\u00a0\u00bbtransparent\u00a0\u00bb up=\u00a0\u00bb10&Prime; down=\u00a0\u00bb10&Prime;][vc_accordion active_tab=\u00a0\u00bbfalse\u00a0\u00bb collapsible=\u00a0\u00bbyes\u00a0\u00bb style=\u00a0\u00bbaccordion\u00a0\u00bb][vc_accordion_tab title=\u00a0\u00bbMentions l\u00e9gales\u00a0\u00bb title_color=\u00a0\u00bb#0a4b7d\u00a0\u00bb][vc_column_text]<\/p>\n<ul>\n<li>Le pr\u00e9sent site est la propri\u00e9t\u00e9 de Maisons GEODE situ\u00e9 1 bis all\u00e9e des ch\u00eanes &#8211; 57310 BERTRANGE &#8211; MOSELLE T\u00e9l. : 03 82 56 04 76<\/li>\n<li>Le directeur de la publication du site Internet est Monsieur Jean-Fran\u00e7ois PICINALI, G\u00e9rant de Maisons GEODE.<\/li>\n<li>Ce site a \u00e9t\u00e9 d\u00e9velopp\u00e9 par la soci\u00e9t\u00e9 Declic Communication situ\u00e9e au 2, avenue des Alli\u00e9s &#8211; 57500 Saint-Avold &#8211; T\u00e9l. : 03 87 92 81 00 et il est h\u00e9berg\u00e9 par la soci\u00e9t\u00e9 OVH 2 rue Kellermann &#8211; 59100 Roubaix.<\/li>\n<li>L\u2019utilisateur du site www.maisons-geode.com reconna\u00eet disposer de la comp\u00e9tence et des moyens n\u00e9cessaires pour acc\u00e9der et utiliser ce site. Il reconna\u00eet \u00e9galement avoir v\u00e9rifi\u00e9 que la configuration informatique utilis\u00e9e ne contient aucun virus et qu\u2019elle est en parfait \u00e9tat de fonctionnement.<\/li>\n<li>Enfin, l\u2019utilisateur reconna\u00eet \u00e9galement avoir pris connaissance de la pr\u00e9sente notice l\u00e9gale et s\u2019engage \u00e0 la respecter.<\/li>\n<li>L\u2019utilisateur est inform\u00e9 que lors de ses visites sur le site, un cookie peut s\u2019installer automatiquement sur son logiciel de navigation. Un cookie est un \u00e9l\u00e9ment qui ne permet pas d\u2019identifier l\u2019utilisateur mais sert \u00e0 enregistrer des informations relatives \u00e0 la navigation de celui-ci sur le site Internet. Le param\u00e9trage de votre logiciel de navigation permet d\u2019informer de la pr\u00e9sence de cookies et \u00e9ventuellement de la refuser selon la proc\u00e9dure d\u00e9crite \u00e0 l\u2019adresse suivante : www.cnil.fr .<\/li>\n<li>Ce site utilise Google Analytics, un service d\u2019analyse de site Internet fourni par Google Inc. (\u00ab Google \u00bb). Google Analytics utilise des cookies, qui sont des fichiers texte plac\u00e9s sur votre ordinateur, pour aider le site internet \u00e0 analyser l\u2019utilisation du site par ses utilisateurs. Les donn\u00e9es g\u00e9n\u00e9r\u00e9es par les cookies concernant votre utilisation du site (y compris votre adresse IP) seront transmises et stock\u00e9es par Google sur des serveurs situ\u00e9s aux Etats-Unis. Google utilisera cette information dans le but d\u2019\u00e9valuer votre utilisation du site, de compiler des rapports sur l\u2019activit\u00e9 du site \u00e0 destination de son \u00e9diteur et de fournir d\u2019autres services relatifs \u00e0 l\u2019activit\u00e9 du site et \u00e0 l\u2019utilisation d\u2019Internet. Google est susceptible de communiquer ces donn\u00e9es \u00e0 des tiers en cas d\u2019obligation l\u00e9gale ou lorsque ces tiers traitent ces donn\u00e9es pour le compte de Google, y compris notamment l\u2019\u00e9diteur de ce site. Google ne recoupera pas votre adresse IP avec toute autre donn\u00e9e d\u00e9tenue par Google. Vous pouvez d\u00e9sactiver l\u2019utilisation de cookies en s\u00e9lectionnant les param\u00e8tres appropri\u00e9s de votre navigateur. Cependant, une telle d\u00e9sactivation pourrait emp\u00eacher l\u2019utilisation de certaines fonctionnalit\u00e9s de ce site. En utilisant ce site Internet, vous consentez express\u00e9ment au traitement de vos donn\u00e9es nominatives par Google dans les conditions et pour les finalit\u00e9s d\u00e9crites ci-dessus.<\/li>\n<li>L\u2019utilisateur dispose d\u2019un droit d\u2019acc\u00e8s, de modification, de rectification et de suppression des donn\u00e9es qui le concernent (article 38 et suivants de la loi \u00bb Informatique et Libert\u00e9s \u00ab ).<\/li>\n<li>Pour l\u2019exercer, l\u2019utilisateur peut s\u2019adresser \u00e0 Maisons GEODE &#8211; 1 bis all\u00e9e des ch\u00eanes &#8211; 57310 BERTRANGE &#8211; MOSELLE.<\/li>\n<li>Ce site est la propri\u00e9t\u00e9 exclusive de Maisons GEODE. Toute reproduction ou repr\u00e9sentation totale ou partielle de ce site par quelque proc\u00e9d\u00e9 que ce soit, sans l\u2019autorisation expresse de Maisons GEODE est interdite et constituerait une contrefa\u00e7on sanctionn\u00e9e par les articles L 335-2 et suivants du Code de la propri\u00e9t\u00e9 intellectuelle.<\/li>\n<li>Les bases de donn\u00e9es figurant sur le site Internet sont prot\u00e9g\u00e9es par les dispositions de la loi du 11 juillet 1998 portant transposition dans le Code de la propri\u00e9t\u00e9 intellectuelle (CPI) de la directive europ\u00e9enne du 11 mars 1996 relative \u00e0 la protection juridique des bases de donn\u00e9es. Sont notamment interdites l\u2019extraction et la r\u00e9utilisation, quantitativement ou qualitativement substantielles, du contenu des bases de donn\u00e9es contenues sur ce site Internet. Tout contrevenant s\u2019expose aux sanctions vis\u00e9es aux articles L 343-1 et suivants du Code de la propri\u00e9t\u00e9 intellectuelle.<\/li>\n<li>Les marques \u00ab Maisons GEODE \u00bb et de ses partenaires, ainsi que les logos figurant sur le site sont des marques (semi-figuratives ou non) et sont d\u00e9pos\u00e9es. Toute reproduction totale ou partielle de ces marques ou de ces logos effectu\u00e9es \u00e0 partir des \u00e9l\u00e9ments du site sans l\u2019autorisation expresse de Maisons GEODE est prohib\u00e9e, au sens des articles L.713-2 et suivants du Code de la propri\u00e9t\u00e9 intellectuelle.<\/li>\n<li>Les fils RSS de Maisons GEODE sont exclusivement destin\u00e9s aux visiteurs du site www.maisons-geode.com en vue d\u2019une utilisation personnelle et ne sauraient en aucun cas servir \u00e0 alimenter d\u2019autres sites sans l\u2019accord expr\u00e8s et pr\u00e9alable de Maisons GEODE.<\/li>\n<li>Les utilisateurs visiteurs du site Internet ne peuvent mettre en place un hyperlien en direction de ce site sans l\u2019autorisation expresse et pr\u00e9alable de Maisons GEODE.<\/li>\n<li>Nous remercions les utilisateurs du site de nous faire part d\u2019\u00e9ventuelles omissions, erreurs, corrections, en envoyant un courriel \u00e0 <a href=\"https:\/\/www.maisons-geode.com\/constructeur\/contact\/\">contact<\/a>.<\/li>\n<\/ul>\n<p>[\/vc_column_text][\/vc_accordion_tab][vc_accordion_tab title=\u00a0\u00bbCr\u00e9dits\u00a0\u00bb title_color=\u00a0\u00bb#0a4b7d\u00a0\u00bb][vc_column_text]Directeur de la publication : <strong>Jean-Fran\u00e7ois PICINALI<\/strong><br \/>\nWebmestre : <strong>Jean-Fran\u00e7ois PICINALI<\/strong><\/p>\n<p>Cr\u00e9dits photos : <strong>Maisons GEODE<\/strong><br \/>\nCr\u00e9ation, r\u00e9alisation et d\u00e9veloppement informatique : <a href=\"https:\/\/www.declic-communication.com\" target=\"_blank\" rel=\"noopener\"><strong>D\u00e9clic Communication<\/strong><\/a><\/p>\n<p><strong>Compatibilit\u00e9<\/strong><\/p>\n<p>L\u2019affichage du site www.maisons-geode.com est optimis\u00e9 pour les navigateurs suivants :<\/p>\n<p><strong>Plate-forme Windows :<\/strong><br \/>\n\u25cf Internet Explorer 10 ou une version sup\u00e9rieure<br \/>\n\u25cf Microsoft Edge 0.11 ou une version sup\u00e9rieure<br \/>\n\u25cf Firefox 40 ou une version sup\u00e9rieure<\/p>\n<p><strong>Plate-forme Macintosh :<\/strong><br \/>\n\u25cf Safari 7 ou une version sup\u00e9rieure<br \/>\n\u25cf Firefox 41 ou une version sup\u00e9rieure<\/p>\n<p><strong>L\u2019activation du javascript est n\u00e9cessaire au bon fonctionnement du site.<\/strong><\/p>\n<p><strong>Maisons G\u00c9ODE<\/strong><br \/>\n1 bis all\u00e9e des ch\u00eanes<br \/>\n57310 BERTRANGE &#8211; MOSELLE<br \/>\nT\u00e9l. : 03 82 56 04 76 &#8211; Fax : 03 82 56 47 95[\/vc_column_text][\/vc_accordion_tab][\/vc_accordion][\/vc_column][\/vc_row]<\/p>\n","protected":false},"excerpt":{"rendered":"<p>[vc_row css_animation=\u00a0\u00bb\u00a0\u00bb row_type=\u00a0\u00bbrow\u00a0\u00bb use_row_as_full_screen_section=\u00a0\u00bbno\u00a0\u00bb type=\u00a0\u00bbgrid\u00a0\u00bb angled_section=\u00a0\u00bbno\u00a0\u00bb text_align=\u00a0\u00bbleft\u00a0\u00bb background_image_as_pattern=\u00a0\u00bbwithout_pattern\u00a0\u00bb background_color=\u00a0\u00bb#0a4b7d\u00a0\u00bb][vc_column][vc_column_text css=\u00a0\u00bb.vc_custom_1461314005726{padding-top: 10px !important;padding-bottom: 10px !important;}\u00a0\u00bb] Mentions l\u00e9gales [\/vc_column_text][\/vc_column][\/vc_row][vc_row css_animation=\u00a0\u00bb\u00a0\u00bb row_type=\u00a0\u00bbrow\u00a0\u00bb use_row_as_full_screen_section=\u00a0\u00bbno\u00a0\u00bb type=\u00a0\u00bbgrid\u00a0\u00bb angled_section=\u00a0\u00bbno\u00a0\u00bb text_align=\u00a0\u00bbleft\u00a0\u00bb background_image_as_pattern=\u00a0\u00bbwithout_pattern\u00a0\u00bb][vc_column][vc_separator type=\u00a0\u00bbtransparent\u00a0\u00bb up=\u00a0\u00bb10&Prime; down=\u00a0\u00bb10&Prime;][vc_accordion active_tab=\u00a0\u00bbfalse\u00a0\u00bb collapsible=\u00a0\u00bbyes\u00a0\u00bb style=\u00a0\u00bbaccordion\u00a0\u00bb][vc_accordion_tab title=\u00a0\u00bbMentions l\u00e9gales\u00a0\u00bb title_color=\u00a0\u00bb#0a4b7d\u00a0\u00bb][vc_column_text] Le pr\u00e9sent site est la propri\u00e9t\u00e9 de Maisons GEODE situ\u00e9 1 bis&#8230;<\/p>\n","protected":false},"author":1,"featured_media":0,"parent":0,"menu_order":0,"comment_status":"closed","ping_status":"closed","template":"full_width.php","meta":{"footnotes":""},"class_list":["post-26","page","type-page","status-publish","hentry"],"_links":{"self":[{"href":"https:\/\/www.maisons-geode.com\/constructeur\/wp-json\/wp\/v2\/pages\/26","targetHints":{"allow":["GET"]}}],"collection":[{"href":"https:\/\/www.maisons-geode.com\/constructeur\/wp-json\/wp\/v2\/pages"}],"about":[{"href":"https:\/\/www.maisons-geode.com\/constructeur\/wp-json\/wp\/v2\/types\/page"}],"author":[{"embeddable":true,"href":"https:\/\/www.maisons-geode.com\/constructeur\/wp-json\/wp\/v2\/users\/1"}],"replies":[{"embeddable":true,"href":"https:\/\/www.maisons-geode.com\/constructeur\/wp-json\/wp\/v2\/comments?post=26"}],"version-history":[{"count":6,"href":"https:\/\/www.maisons-geode.com\/constructeur\/wp-json\/wp\/v2\/pages\/26\/revisions"}],"predecessor-version":[{"id":738,"href":"https:\/\/www.maisons-geode.com\/constructeur\/wp-json\/wp\/v2\/pages\/26\/revisions\/738"}],"wp:attachment":[{"href":"https:\/\/www.maisons-geode.com\/constructeur\/wp-json\/wp\/v2\/media?parent=26"}],"curies":[{"name":"wp","href":"https:\/\/api.w.org\/{rel}","templated":true}]}}