{"id":24,"date":"2016-04-21T12:18:28","date_gmt":"2016-04-21T10:18:28","guid":{"rendered":"https:\/\/www.maisons-geode.com\/constructeur\/?page_id=24"},"modified":"2021-09-30T11:33:15","modified_gmt":"2021-09-30T09:33:15","slug":"contact","status":"publish","type":"page","link":"https:\/\/www.maisons-geode.com\/constructeur\/contact\/","title":{"rendered":"Contact"},"content":{"rendered":"<p>[vc_row css_animation=\u00a0\u00bb\u00a0\u00bb row_type=\u00a0\u00bbrow\u00a0\u00bb use_row_as_full_screen_section=\u00a0\u00bbno\u00a0\u00bb type=\u00a0\u00bbgrid\u00a0\u00bb angled_section=\u00a0\u00bbno\u00a0\u00bb text_align=\u00a0\u00bbleft\u00a0\u00bb background_image_as_pattern=\u00a0\u00bbwithout_pattern\u00a0\u00bb background_color=\u00a0\u00bb#0a4b7d\u00a0\u00bb padding_top=\u00a0\u00bb10&Prime; padding_bottom=\u00a0\u00bb10&Prime;][vc_column][vc_column_text]<\/p>\n<h1>Contact<\/h1>\n<p>[\/vc_column_text][\/vc_column][\/vc_row][vc_row css_animation=\u00a0\u00bb\u00a0\u00bb row_type=\u00a0\u00bbrow\u00a0\u00bb use_row_as_full_screen_section=\u00a0\u00bbno\u00a0\u00bb type=\u00a0\u00bbfull_width\u00a0\u00bb angled_section=\u00a0\u00bbno\u00a0\u00bb text_align=\u00a0\u00bbleft\u00a0\u00bb background_image_as_pattern=\u00a0\u00bbwithout_pattern\u00a0\u00bb][vc_column][vc_separator type=\u00a0\u00bbtransparent\u00a0\u00bb][\/vc_column][\/vc_row][vc_row css_animation=\u00a0\u00bb\u00a0\u00bb row_type=\u00a0\u00bbrow\u00a0\u00bb use_row_as_full_screen_section=\u00a0\u00bbno\u00a0\u00bb type=\u00a0\u00bbgrid\u00a0\u00bb angled_section=\u00a0\u00bbno\u00a0\u00bb text_align=\u00a0\u00bbleft\u00a0\u00bb background_image_as_pattern=\u00a0\u00bbwithout_pattern\u00a0\u00bb][vc_column width=\u00a0\u00bb1\/4&Prime;][vc_column_text]<\/p>\n<h4>Nos coordonn\u00e9es<\/h4>\n<p>[\/vc_column_text][vc_separator type=\u00a0\u00bbnormal\u00a0\u00bb][vc_column_text]<strong>MAISONS G\u00c9ODE<\/strong><\/p>\n<p>1 bis all\u00e9e des ch\u00eanes<\/p>\n<p>57310 BERTRANGE &#8211; MOSELLE<\/p>\n<p>&nbsp;<\/p>\n<p>Pavillon expo :<\/p>\n<p><strong>T\u00e9l : 03 82 56 04 76<\/strong><\/p>\n<p>&nbsp;<\/p>\n<p><strong>Romain PICINALI<\/strong><\/p>\n<p>06 31 30 86 66<\/p>\n<p>&nbsp;<\/p>\n<p><strong>Philippe ANDREACCHIO<\/strong><\/p>\n<p>06 73 73 54 81[\/vc_column_text][\/vc_column][vc_column width=\u00a0\u00bb3\/4&Prime;][vc_column_text]<\/p>\n<h4>Contactez-nous<\/h4>\n<p>[\/vc_column_text][vc_separator type=\u00a0\u00bbnormal\u00a0\u00bb]<div role=\"form\" class=\"wpcf7\" id=\"wpcf7-f815-o1\" lang=\"fr-FR\" dir=\"ltr\">\n<div class=\"screen-reader-response\"><p role=\"status\" aria-live=\"polite\" aria-atomic=\"true\"><\/p> <ul><\/ul><\/div>\n<form action=\"\/constructeur\/wp-json\/wp\/v2\/pages\/24#wpcf7-f815-o1\" method=\"post\" class=\"wpcf7-form init cf7_custom_style_3\" novalidate=\"novalidate\" data-status=\"init\">\n<div style=\"display: none;\">\n<input type=\"hidden\" name=\"_wpcf7\" value=\"815\" \/>\n<input type=\"hidden\" name=\"_wpcf7_version\" value=\"5.6.3\" \/>\n<input type=\"hidden\" name=\"_wpcf7_locale\" value=\"fr_FR\" \/>\n<input type=\"hidden\" name=\"_wpcf7_unit_tag\" value=\"wpcf7-f815-o1\" \/>\n<input type=\"hidden\" name=\"_wpcf7_container_post\" value=\"0\" \/>\n<input type=\"hidden\" name=\"_wpcf7_posted_data_hash\" value=\"\" \/>\n<input type=\"hidden\" name=\"_wpcf7_recaptcha_response\" value=\"\" \/>\n<\/div>\n<div id=\"responsive-form\" class=\"clearfix\">\n<div class=\"form-row\">\n<div class=\"column-half\">Pr\u00e9nom *<span class=\"wpcf7-form-control-wrap\" data-name=\"sonprenom\"><input type=\"text\" name=\"sonprenom\" value=\"\" size=\"40\" class=\"wpcf7-form-control wpcf7-text wpcf7-validates-as-required\" aria-required=\"true\" aria-invalid=\"false\" \/><\/span><\/div>\n<div class=\"column-half\">Nom *<span class=\"wpcf7-form-control-wrap\" data-name=\"sonnom\"><input type=\"text\" name=\"sonnom\" value=\"\" size=\"40\" class=\"wpcf7-form-control wpcf7-text wpcf7-validates-as-required\" aria-required=\"true\" aria-invalid=\"false\" \/><\/span><\/div>\n<\/div>\n<div class=\"form-row\">\n<div class=\"column-half\">T\u00e9l domicile <span class=\"wpcf7-form-control-wrap\" data-name=\"sonphone\"><input type=\"text\" name=\"sonphone\" value=\"\" size=\"40\" class=\"wpcf7-form-control wpcf7-text\" aria-invalid=\"false\" \/><\/span><\/div>\n<div class=\"column-half\">T\u00e9l portable *<span class=\"wpcf7-form-control-wrap\" data-name=\"sonportable\"><input type=\"text\" name=\"sonportable\" value=\"\" size=\"40\" class=\"wpcf7-form-control wpcf7-text wpcf7-validates-as-required\" aria-required=\"true\" aria-invalid=\"false\" \/><\/span><\/div>\n<\/div>\n<div class=\"form-row\">\n<div class=\"column-half\">Ville d'habitation <span class=\"wpcf7-form-control-wrap\" data-name=\"saville\"><input type=\"text\" name=\"saville\" value=\"\" size=\"40\" class=\"wpcf7-form-control wpcf7-text\" aria-invalid=\"false\" \/><\/span><\/div>\n<div class=\"column-half\">Ville de construction<span class=\"wpcf7-form-control-wrap\" data-name=\"villecons\"><input type=\"text\" name=\"villecons\" value=\"\" size=\"40\" class=\"wpcf7-form-control wpcf7-text\" aria-invalid=\"false\" \/><\/span><\/div>\n<\/div>\n<div class=\"form-row\">\n<div class=\"column-full\">Email *<span class=\"wpcf7-form-control-wrap\" data-name=\"sonemail\"><input type=\"email\" name=\"sonemail\" value=\"\" size=\"40\" class=\"wpcf7-form-control wpcf7-text wpcf7-email wpcf7-validates-as-required wpcf7-validates-as-email\" aria-required=\"true\" aria-invalid=\"false\" \/><\/span><\/div>\n<\/div>\n<div class=\"form-row\">\n<div class=\"column-full decalageradio\">Objet de votre demande <br><span class=\"wpcf7-form-control-wrap\" data-name=\"sonobjet\"><span class=\"wpcf7-form-control wpcf7-radio\"><span class=\"wpcf7-list-item first\"><label><input type=\"radio\" name=\"sonobjet\" value=\"Demande de renseignements\" \/><span class=\"wpcf7-list-item-label\">Demande de renseignements<\/span><\/label><\/span><span class=\"wpcf7-list-item\"><label><input type=\"radio\" name=\"sonobjet\" value=\"Parrainage\" \/><span class=\"wpcf7-list-item-label\">Parrainage<\/span><\/label><\/span><span class=\"wpcf7-list-item last\"><label><input type=\"radio\" name=\"sonobjet\" value=\"Demande pour une extension de mon habitation (extension, piscine, pool-house, fosses de discussion)\" \/><span class=\"wpcf7-list-item-label\">Demande pour une extension de mon habitation (extension, piscine, pool-house, fosses de discussion)<\/span><\/label><\/span><\/span><\/span><\/div>\n<\/div>\n<div class=\"form-row\">\n<div class=\"column-full\">Message  <span class=\"wpcf7-form-control-wrap\" data-name=\"sonmessage\"><textarea name=\"sonmessage\" cols=\"40\" rows=\"10\" class=\"wpcf7-form-control wpcf7-textarea\" aria-invalid=\"false\"><\/textarea><\/span><\/div>\n<\/div>\n<div class=\"form-row\">\n<div class=\"column-full\">\n<span class=\"wpcf7-form-control-wrap\" data-name=\"acceptance-248\"><span class=\"wpcf7-form-control wpcf7-acceptance\"><span class=\"wpcf7-list-item\"><input type=\"checkbox\" name=\"acceptance-248\" value=\"1\" aria-invalid=\"false\" \/><\/span><\/span><\/span> Je confirme avoir pris connaissance des informations relatives au recueil et \u00e0 la gestion de mes donn\u00e9es via ce formulaire.<\/p>\n<p>Les informations recueillies par Maison Geode via ce formulaire sont utilis\u00e9es pour traiter votre demande particuli\u00e8re et vous faire parvenir des informations commerciales li\u00e9es \u00e0 notre soci\u00e9t\u00e9. Pour demander la modification ou la suppression de vos informations, utilisez ce m\u00eame formulaire<\/a>.\n<\/div>\n<\/div>\n<div class=\"form-row\">\n<div class=\"column-full\"><input type=\"submit\" value=\"Envoyer le message\" class=\"wpcf7-form-control has-spinner wpcf7-submit\" \/><\/div>\n<\/div>\n<\/div>\n<p><!--end responsive-form--><\/p>\n<div class=\"wpcf7-response-output\" aria-hidden=\"true\"><\/div><\/form><\/div>[\/vc_column][\/vc_row][vc_row css_animation=\u00a0\u00bb\u00a0\u00bb row_type=\u00a0\u00bbrow\u00a0\u00bb use_row_as_full_screen_section=\u00a0\u00bbno\u00a0\u00bb type=\u00a0\u00bbfull_width\u00a0\u00bb angled_section=\u00a0\u00bbno\u00a0\u00bb text_align=\u00a0\u00bbleft\u00a0\u00bb background_image_as_pattern=\u00a0\u00bbwithout_pattern\u00a0\u00bb][vc_column][vc_separator type=\u00a0\u00bbtransparent\u00a0\u00bb][vc_gmaps link=\u00a0\u00bb#E-8_JTNDaWZyYW1lJTIwc3JjJTNEJTIyaHR0cHMlM0ElMkYlMkZ3d3cuZ29vZ2xlLmNvbSUyRm1hcHMlMkZlbWJlZCUzRnBiJTNEJTIxMW0xNCUyMTFtOCUyMTFtMyUyMTFkMTA0MDMuNjMzMjI3MzI4ODQlMjEyZDYuMTkwOTM5NiUyMTNkNDkuMzE2MDIwMSUyMTNtMiUyMTFpMTAyNCUyMTJpNzY4JTIxNGYxMy4xJTIxM20zJTIxMW0yJTIxMXMweDAlMjUzQTB4NzI2NTg3YWI2NjVhY2JkMSUyMTJzTWFpc29ucyUyQkclMjVDMyUyNUE5b2RlJTIxNWUwJTIxM20yJTIxMXNmciUyMTJzZnIlMjE0djE1MTgxNzk1ODE3NzclMjIlMjB3aWR0aCUzRCUyMjEwMCUyNSUyMiUyMGhlaWdodCUzRCUyMjQ1MCUyMiUyMGZyYW1lYm9yZGVyJTNEJTIyMCUyMiUyMHN0eWxlJTNEJTIyYm9yZGVyJTNBMCUyMiUyMGFsbG93ZnVsbHNjcmVlbiUzRSUzQyUyRmlmcmFtZSUzRQ==\u00a0\u00bb][vc_separator type=\u00a0\u00bbtransparent\u00a0\u00bb][\/vc_column][\/vc_row]<\/p>\n","protected":false},"excerpt":{"rendered":"<p>[vc_row css_animation=\u00a0\u00bb\u00a0\u00bb row_type=\u00a0\u00bbrow\u00a0\u00bb use_row_as_full_screen_section=\u00a0\u00bbno\u00a0\u00bb type=\u00a0\u00bbgrid\u00a0\u00bb angled_section=\u00a0\u00bbno\u00a0\u00bb text_align=\u00a0\u00bbleft\u00a0\u00bb background_image_as_pattern=\u00a0\u00bbwithout_pattern\u00a0\u00bb background_color=\u00a0\u00bb#0a4b7d\u00a0\u00bb padding_top=\u00a0\u00bb10&Prime; padding_bottom=\u00a0\u00bb10&Prime;][vc_column][vc_column_text] Contact [\/vc_column_text][\/vc_column][\/vc_row][vc_row css_animation=\u00a0\u00bb\u00a0\u00bb row_type=\u00a0\u00bbrow\u00a0\u00bb use_row_as_full_screen_section=\u00a0\u00bbno\u00a0\u00bb type=\u00a0\u00bbfull_width\u00a0\u00bb angled_section=\u00a0\u00bbno\u00a0\u00bb text_align=\u00a0\u00bbleft\u00a0\u00bb background_image_as_pattern=\u00a0\u00bbwithout_pattern\u00a0\u00bb][vc_column][vc_separator type=\u00a0\u00bbtransparent\u00a0\u00bb][\/vc_column][\/vc_row][vc_row css_animation=\u00a0\u00bb\u00a0\u00bb row_type=\u00a0\u00bbrow\u00a0\u00bb use_row_as_full_screen_section=\u00a0\u00bbno\u00a0\u00bb type=\u00a0\u00bbgrid\u00a0\u00bb angled_section=\u00a0\u00bbno\u00a0\u00bb text_align=\u00a0\u00bbleft\u00a0\u00bb background_image_as_pattern=\u00a0\u00bbwithout_pattern\u00a0\u00bb][vc_column width=\u00a0\u00bb1\/4&Prime;][vc_column_text] Nos coordonn\u00e9es [\/vc_column_text][vc_separator type=\u00a0\u00bbnormal\u00a0\u00bb][vc_column_text]MAISONS G\u00c9ODE 1 bis all\u00e9e des ch\u00eanes 57310 BERTRANGE &#8211; MOSELLE &nbsp; Pavillon&#8230;<\/p>\n","protected":false},"author":1,"featured_media":0,"parent":0,"menu_order":0,"comment_status":"closed","ping_status":"closed","template":"full_width.php","meta":{"footnotes":""},"class_list":["post-24","page","type-page","status-publish","hentry"],"_links":{"self":[{"href":"https:\/\/www.maisons-geode.com\/constructeur\/wp-json\/wp\/v2\/pages\/24","targetHints":{"allow":["GET"]}}],"collection":[{"href":"https:\/\/www.maisons-geode.com\/constructeur\/wp-json\/wp\/v2\/pages"}],"about":[{"href":"https:\/\/www.maisons-geode.com\/constructeur\/wp-json\/wp\/v2\/types\/page"}],"author":[{"embeddable":true,"href":"https:\/\/www.maisons-geode.com\/constructeur\/wp-json\/wp\/v2\/users\/1"}],"replies":[{"embeddable":true,"href":"https:\/\/www.maisons-geode.com\/constructeur\/wp-json\/wp\/v2\/comments?post=24"}],"version-history":[{"count":5,"href":"https:\/\/www.maisons-geode.com\/constructeur\/wp-json\/wp\/v2\/pages\/24\/revisions"}],"predecessor-version":[{"id":1113,"href":"https:\/\/www.maisons-geode.com\/constructeur\/wp-json\/wp\/v2\/pages\/24\/revisions\/1113"}],"wp:attachment":[{"href":"https:\/\/www.maisons-geode.com\/constructeur\/wp-json\/wp\/v2\/media?parent=24"}],"curies":[{"name":"wp","href":"https:\/\/api.w.org\/{rel}","templated":true}]}}