{"id":20,"date":"2016-04-21T12:17:42","date_gmt":"2016-04-21T10:17:42","guid":{"rendered":"https:\/\/www.maisons-geode.com\/constructeur\/?page_id=20"},"modified":"2019-06-12T10:42:57","modified_gmt":"2019-06-12T08:42:57","slug":"garanties","status":"publish","type":"page","link":"https:\/\/www.maisons-geode.com\/constructeur\/garanties\/","title":{"rendered":"Garanties"},"content":{"rendered":"<p>[vc_row css_animation=\u00a0\u00bb\u00a0\u00bb row_type=\u00a0\u00bbrow\u00a0\u00bb use_row_as_full_screen_section=\u00a0\u00bbno\u00a0\u00bb type=\u00a0\u00bbgrid\u00a0\u00bb angled_section=\u00a0\u00bbno\u00a0\u00bb text_align=\u00a0\u00bbleft\u00a0\u00bb background_image_as_pattern=\u00a0\u00bbwithout_pattern\u00a0\u00bb background_color=\u00a0\u00bb#0a4b7d\u00a0\u00bb padding_top=\u00a0\u00bb10&Prime;][vc_column][vc_column_text]<\/p>\n<h1>Garanties<\/h1>\n<p>[\/vc_column_text][\/vc_column][\/vc_row][vc_row css_animation=\u00a0\u00bb\u00a0\u00bb row_type=\u00a0\u00bbrow\u00a0\u00bb use_row_as_full_screen_section=\u00a0\u00bbno\u00a0\u00bb type=\u00a0\u00bbfull_width\u00a0\u00bb angled_section=\u00a0\u00bbno\u00a0\u00bb text_align=\u00a0\u00bbleft\u00a0\u00bb background_image_as_pattern=\u00a0\u00bbwithout_pattern\u00a0\u00bb][vc_column][vc_separator type=\u00a0\u00bbtransparent\u00a0\u00bb][vc_row_inner row_type=\u00a0\u00bbrow\u00a0\u00bb type=\u00a0\u00bbfull_width\u00a0\u00bb text_align=\u00a0\u00bbleft\u00a0\u00bb css_animation=\u00a0\u00bb\u00a0\u00bb][vc_column_inner width=\u00a0\u00bb1\/3&Prime;][vc_single_image image=\u00a0\u00bb644&Prime; img_size=\u00a0\u00bbfull\u00a0\u00bb qode_css_animation=\u00a0\u00bbelement_from_left\u00a0\u00bb qode_hover_animation=\u00a0\u00bbdarken\u00a0\u00bb][\/vc_column_inner][vc_column_inner width=\u00a0\u00bb2\/3&Prime;][vc_column_text]<\/p>\n<h2>GARANTIES TECHNIQUES<\/h2>\n<p>[\/vc_column_text][vc_column_text]<span style=\"color: #0a4b7d;\">Garantie de parfait ach\u00e8vement<\/span><br \/>\nValidit\u00e9\u00a01 an pour\u00a0parfaire les travaux.<\/p>\n<p><span style=\"color: #0a4b7d;\">Garantie biennale<\/span><br \/>\nCouvre les \u00e9l\u00e9ments d&rsquo;\u00e9quipements pendant 2 ans.[\/vc_column_text][\/vc_column_inner][\/vc_row_inner][vc_separator type=\u00a0\u00bbnormal\u00a0\u00bb up=\u00a0\u00bb10&Prime; down=\u00a0\u00bb10&Prime;][vc_row_inner row_type=\u00a0\u00bbrow\u00a0\u00bb type=\u00a0\u00bbfull_width\u00a0\u00bb text_align=\u00a0\u00bbleft\u00a0\u00bb css_animation=\u00a0\u00bb\u00a0\u00bb][vc_column_inner width=\u00a0\u00bb1\/3&Prime;][vc_single_image image=\u00a0\u00bb644&Prime; img_size=\u00a0\u00bbfull\u00a0\u00bb qode_css_animation=\u00a0\u00bbelement_from_left\u00a0\u00bb qode_hover_animation=\u00a0\u00bbdarken\u00a0\u00bb][\/vc_column_inner][vc_column_inner width=\u00a0\u00bb2\/3&Prime;][vc_column_text]<\/p>\n<h2>RESPONSABILITE CIVILE ET DOMMAGES<\/h2>\n<p>[\/vc_column_text][vc_column_text]<span style=\"color: #0a4b7d;\">Responsabilit\u00e9 civile \u00ab\u00a0exploitation\u00a0\u00bb<\/span><br \/>\n<span style=\"color: #0a4b7d;\">Responsabilit\u00e9 civile professionnelle apr\u00e8s travaux<\/span><br \/>\n<span style=\"color: #0a4b7d;\">Responsabilit\u00e9 d\u00e9cennale<\/span><br \/>\n(Garantie obligatoire d\u00e9livr\u00e9e en conformit\u00e9 avec les dispositions de l&rsquo;article L.241-1 du code des assurance selon la loi n\u00b0 78-12 du 4 janvier 1978).\u00a0Couvre pendant 10 ans, les dommages\u00a0affectant la solidit\u00e9 de la maison ainsi que les \u00e9l\u00e9ments indissociables du gros \u0153uvre et\u00a0les d\u00e9sordres\u00a0rendant la maison impropre \u00e0 l&rsquo;habitation.<\/p>\n<p><span style=\"color: #0a4b7d;\">Dommages \u00e0 l&rsquo;ouvrage<\/span><br \/>\nActionne la garantie d\u00e9cennale, en cas de d\u00e9faillance des constructeurs.<\/p>\n<p><span style=\"color: #0a4b7d;\">Dommages en cours de chantiers<\/span>[\/vc_column_text][\/vc_column_inner][\/vc_row_inner][vc_separator type=\u00a0\u00bbnormal\u00a0\u00bb up=\u00a0\u00bb10&Prime; down=\u00a0\u00bb10&Prime;][vc_row_inner row_type=\u00a0\u00bbrow\u00a0\u00bb type=\u00a0\u00bbfull_width\u00a0\u00bb text_align=\u00a0\u00bbleft\u00a0\u00bb css_animation=\u00a0\u00bb\u00a0\u00bb][vc_column_inner width=\u00a0\u00bb1\/3&Prime;][vc_single_image image=\u00a0\u00bb644&Prime; img_size=\u00a0\u00bbfull\u00a0\u00bb qode_css_animation=\u00a0\u00bbelement_from_left\u00a0\u00bb qode_hover_animation=\u00a0\u00bbdarken\u00a0\u00bb][\/vc_column_inner][vc_column_inner width=\u00a0\u00bb2\/3&Prime;][vc_column_text]<\/p>\n<h2>GARANTIES FINANCIERES<\/h2>\n<p>[\/vc_column_text][vc_column_text]<span style=\"color: #0a4b7d;\">Garantie de livraison \u00e0 prix et d\u00e9lais convenus<\/span><br \/>\n(conform\u00e9ment \u00e0 la loi n\u00b0 90 &#8211; 1129 du 19 d\u00e9cembre 1990 et ses d\u00e9crets d&rsquo;application). Assure la finition de la maison, en d\u00e9lais, prestations et tarifs, en cas de d\u00e9faillance des constructeurs.[\/vc_column_text][\/vc_column_inner][\/vc_row_inner][vc_separator type=\u00a0\u00bbnormal\u00a0\u00bb up=\u00a0\u00bb10&Prime; down=\u00a0\u00bb10&Prime;][vc_separator type=\u00a0\u00bbtransparent\u00a0\u00bb][\/vc_column][\/vc_row]<\/p>\n","protected":false},"excerpt":{"rendered":"<p>[vc_row css_animation=\u00a0\u00bb\u00a0\u00bb row_type=\u00a0\u00bbrow\u00a0\u00bb use_row_as_full_screen_section=\u00a0\u00bbno\u00a0\u00bb type=\u00a0\u00bbgrid\u00a0\u00bb angled_section=\u00a0\u00bbno\u00a0\u00bb text_align=\u00a0\u00bbleft\u00a0\u00bb background_image_as_pattern=\u00a0\u00bbwithout_pattern\u00a0\u00bb background_color=\u00a0\u00bb#0a4b7d\u00a0\u00bb padding_top=\u00a0\u00bb10&Prime;][vc_column][vc_column_text] Garanties [\/vc_column_text][\/vc_column][\/vc_row][vc_row css_animation=\u00a0\u00bb\u00a0\u00bb row_type=\u00a0\u00bbrow\u00a0\u00bb use_row_as_full_screen_section=\u00a0\u00bbno\u00a0\u00bb type=\u00a0\u00bbfull_width\u00a0\u00bb angled_section=\u00a0\u00bbno\u00a0\u00bb text_align=\u00a0\u00bbleft\u00a0\u00bb background_image_as_pattern=\u00a0\u00bbwithout_pattern\u00a0\u00bb][vc_column][vc_separator type=\u00a0\u00bbtransparent\u00a0\u00bb][vc_row_inner row_type=\u00a0\u00bbrow\u00a0\u00bb type=\u00a0\u00bbfull_width\u00a0\u00bb text_align=\u00a0\u00bbleft\u00a0\u00bb css_animation=\u00a0\u00bb\u00a0\u00bb][vc_column_inner width=\u00a0\u00bb1\/3&Prime;][vc_single_image image=\u00a0\u00bb644&Prime; img_size=\u00a0\u00bbfull\u00a0\u00bb qode_css_animation=\u00a0\u00bbelement_from_left\u00a0\u00bb qode_hover_animation=\u00a0\u00bbdarken\u00a0\u00bb][\/vc_column_inner][vc_column_inner width=\u00a0\u00bb2\/3&Prime;][vc_column_text] GARANTIES TECHNIQUES [\/vc_column_text][vc_column_text]Garantie de parfait ach\u00e8vement Validit\u00e9\u00a01 an pour\u00a0parfaire les travaux. Garantie biennale Couvre les&#8230;<\/p>\n","protected":false},"author":1,"featured_media":0,"parent":0,"menu_order":0,"comment_status":"closed","ping_status":"closed","template":"","meta":{"footnotes":""},"class_list":["post-20","page","type-page","status-publish","hentry"],"_links":{"self":[{"href":"https:\/\/www.maisons-geode.com\/constructeur\/wp-json\/wp\/v2\/pages\/20","targetHints":{"allow":["GET"]}}],"collection":[{"href":"https:\/\/www.maisons-geode.com\/constructeur\/wp-json\/wp\/v2\/pages"}],"about":[{"href":"https:\/\/www.maisons-geode.com\/constructeur\/wp-json\/wp\/v2\/types\/page"}],"author":[{"embeddable":true,"href":"https:\/\/www.maisons-geode.com\/constructeur\/wp-json\/wp\/v2\/users\/1"}],"replies":[{"embeddable":true,"href":"https:\/\/www.maisons-geode.com\/constructeur\/wp-json\/wp\/v2\/comments?post=20"}],"version-history":[{"count":6,"href":"https:\/\/www.maisons-geode.com\/constructeur\/wp-json\/wp\/v2\/pages\/20\/revisions"}],"predecessor-version":[{"id":774,"href":"https:\/\/www.maisons-geode.com\/constructeur\/wp-json\/wp\/v2\/pages\/20\/revisions\/774"}],"wp:attachment":[{"href":"https:\/\/www.maisons-geode.com\/constructeur\/wp-json\/wp\/v2\/media?parent=20"}],"curies":[{"name":"wp","href":"https:\/\/api.w.org\/{rel}","templated":true}]}}