{"id":18,"date":"2016-04-21T12:17:19","date_gmt":"2016-04-21T10:17:19","guid":{"rendered":"https:\/\/www.maisons-geode.com\/constructeur\/?page_id=18"},"modified":"2024-08-23T10:39:47","modified_gmt":"2024-08-23T08:39:47","slug":"avant-projets","status":"publish","type":"page","link":"https:\/\/www.maisons-geode.com\/constructeur\/avant-projets\/","title":{"rendered":"Avant-projets"},"content":{"rendered":"<p>[vc_row css_animation=\u00a0\u00bb\u00a0\u00bb row_type=\u00a0\u00bbrow\u00a0\u00bb use_row_as_full_screen_section=\u00a0\u00bbno\u00a0\u00bb type=\u00a0\u00bbgrid\u00a0\u00bb angled_section=\u00a0\u00bbno\u00a0\u00bb text_align=\u00a0\u00bbleft\u00a0\u00bb background_image_as_pattern=\u00a0\u00bbwithout_pattern\u00a0\u00bb background_color=\u00a0\u00bb#0a4b7d\u00a0\u00bb][vc_column][vc_column_text css=\u00a0\u00bb.vc_custom_1633004663354{padding-top: 10px !important;padding-bottom: 10px !important;}\u00a0\u00bb]<\/p>\n<h1>Avant-projets personnalis\u00e9s<\/h1>\n<p>[\/vc_column_text][\/vc_column][\/vc_row][vc_row css_animation=\u00a0\u00bbelement_from_left\u00a0\u00bb row_type=\u00a0\u00bbrow\u00a0\u00bb use_row_as_full_screen_section=\u00a0\u00bbno\u00a0\u00bb type=\u00a0\u00bbgrid\u00a0\u00bb angled_section=\u00a0\u00bbno\u00a0\u00bb text_align=\u00a0\u00bbleft\u00a0\u00bb background_image_as_pattern=\u00a0\u00bbwithout_pattern\u00a0\u00bb z_index=\u00a0\u00bb\u00a0\u00bb padding_top=\u00a0\u00bb30&Prime; padding_bottom=\u00a0\u00bb0&Prime; background_color=\u00a0\u00bb#f4f4f4&Prime; el_id=\u00a0\u00bbavant-projet-portfolio-button\u00a0\u00bb][vc_column][vc_column_text]<\/p>\n<h2>Mise en perspective des id\u00e9es<\/h2>\n<p>D\u00e9couvrez notre galerie[\/vc_column_text][vc_empty_space height=\u00a0\u00bb20px\u00a0\u00bb]<div class='projects_holder_outer v3 portfolio_with_space portfolio_standard'>\n        <div class='projects_holder portfolio_main_holder clearfix v3 standard portfolio_square_image slide_from_left'>\n        \n        <article class='mix portfolio_category_19 portfolio_category_31 default' style=''>\n    \n    \n    \n                <div class='image_holder'>\n                <a itemprop='url' class='portfolio_link_for_touch' href='https:\/\/www.maisons-geode.com\/constructeur\/portfolio_page\/avant-projets-extensions\/' target=''>\n                    \n<span class='image'><img loading=\"lazy\" decoding=\"async\" width=\"570\" height=\"570\" src=\"https:\/\/www.maisons-geode.com\/constructeur\/wp-content\/uploads\/2024\/08\/avant-projet-extension-10-570x570.jpg\" class=\"attachment-portfolio-square size-portfolio-square wp-post-image\" alt=\"\" srcset=\"https:\/\/www.maisons-geode.com\/constructeur\/wp-content\/uploads\/2024\/08\/avant-projet-extension-10-570x570.jpg 570w, https:\/\/www.maisons-geode.com\/constructeur\/wp-content\/uploads\/2024\/08\/avant-projet-extension-10-150x150.jpg 150w, https:\/\/www.maisons-geode.com\/constructeur\/wp-content\/uploads\/2024\/08\/avant-projet-extension-10-500x500.jpg 500w, https:\/\/www.maisons-geode.com\/constructeur\/wp-content\/uploads\/2024\/08\/avant-projet-extension-10-1000x1000.jpg 1000w\" sizes=\"auto, (max-width: 570px) 100vw, 570px\" \/><\/span>                <\/a>\n\n                <span class='text_holder'>\n    <span class='text_outer'>\n        <span class='text_inner'>\n            <span class='feature_holder'>\n                            <span class=\"feature_holder_icons\">';\n                    \n                            <a itemprop='url' class='preview qbutton small white' href='https:\/\/www.maisons-geode.com\/constructeur\/portfolio_page\/avant-projets-extensions\/' target='_self'>Voir<\/i><\/a>\n    \n                                            <\/span>\n        <\/span>\n    <\/span>\n<\/span>            <\/div>\n                <div class='portfolio_description ' style=background-color:#f4f4f4;'>\n\n        \n    <h4 itemprop=\"name\" class=\"portfolio_title entry_title\"><a itemprop=\"url\" href=\"https:\/\/www.maisons-geode.com\/constructeur\/portfolio_page\/avant-projets-extensions\/\"  target=\"_self\"> Avant-projets extensions<\/a><\/h4>\n\n\n        \n        \n    <\/div>\n        \n<\/article>\n<article class='mix portfolio_category_24 portfolio_category_19 default' style=''>\n    \n    \n    \n                <div class='image_holder'>\n                <a itemprop='url' class='portfolio_link_for_touch' href='https:\/\/www.maisons-geode.com\/constructeur\/portfolio_page\/avant-projets-a-etage\/' target=''>\n                    \n<span class='image'><img loading=\"lazy\" decoding=\"async\" width=\"570\" height=\"570\" src=\"https:\/\/www.maisons-geode.com\/constructeur\/wp-content\/uploads\/2016\/05\/E10-570x570.jpg\" class=\"attachment-portfolio-square size-portfolio-square wp-post-image\" alt=\"Maison \u00e0 \u00e9tages E10 - Maisons G\u00e9ode\" srcset=\"https:\/\/www.maisons-geode.com\/constructeur\/wp-content\/uploads\/2016\/05\/E10-570x570.jpg 570w, https:\/\/www.maisons-geode.com\/constructeur\/wp-content\/uploads\/2016\/05\/E10-150x150.jpg 150w, https:\/\/www.maisons-geode.com\/constructeur\/wp-content\/uploads\/2016\/05\/E10-500x500.jpg 500w\" sizes=\"auto, (max-width: 570px) 100vw, 570px\" \/><\/span>                <\/a>\n\n                <span class='text_holder'>\n    <span class='text_outer'>\n        <span class='text_inner'>\n            <span class='feature_holder'>\n                            <span class=\"feature_holder_icons\">';\n                    \n                            <a itemprop='url' class='preview qbutton small white' href='https:\/\/www.maisons-geode.com\/constructeur\/portfolio_page\/avant-projets-a-etage\/' target='_self'>Voir<\/i><\/a>\n    \n                                            <\/span>\n        <\/span>\n    <\/span>\n<\/span>            <\/div>\n                <div class='portfolio_description ' style=background-color:#f4f4f4;'>\n\n        \n    <h4 itemprop=\"name\" class=\"portfolio_title entry_title\"><a itemprop=\"url\" href=\"https:\/\/www.maisons-geode.com\/constructeur\/portfolio_page\/avant-projets-a-etage\/\"  target=\"_self\"> Avant-projets \u00e0 \u00e9tage<\/a><\/h4>\n\n\n        \n        \n    <\/div>\n        \n<\/article>\n<article class='mix portfolio_category_19 portfolio_category_26 default' style=''>\n    \n    \n    \n                <div class='image_holder'>\n                <a itemprop='url' class='portfolio_link_for_touch' href='https:\/\/www.maisons-geode.com\/constructeur\/portfolio_page\/avant-projets-de-plain-pied\/' target=''>\n                    \n<span class='image'><img loading=\"lazy\" decoding=\"async\" width=\"570\" height=\"570\" src=\"https:\/\/www.maisons-geode.com\/constructeur\/wp-content\/uploads\/2016\/05\/PP10-570x570.jpg\" class=\"attachment-portfolio-square size-portfolio-square wp-post-image\" alt=\"Maison plain-pied PP10 - Maisons G\u00e9ode\" srcset=\"https:\/\/www.maisons-geode.com\/constructeur\/wp-content\/uploads\/2016\/05\/PP10-570x570.jpg 570w, https:\/\/www.maisons-geode.com\/constructeur\/wp-content\/uploads\/2016\/05\/PP10-150x150.jpg 150w, https:\/\/www.maisons-geode.com\/constructeur\/wp-content\/uploads\/2016\/05\/PP10-500x500.jpg 500w\" sizes=\"auto, (max-width: 570px) 100vw, 570px\" \/><\/span>                <\/a>\n\n                <span class='text_holder'>\n    <span class='text_outer'>\n        <span class='text_inner'>\n            <span class='feature_holder'>\n                            <span class=\"feature_holder_icons\">';\n                    \n                            <a itemprop='url' class='preview qbutton small white' href='https:\/\/www.maisons-geode.com\/constructeur\/portfolio_page\/avant-projets-de-plain-pied\/' target='_self'>Voir<\/i><\/a>\n    \n                                            <\/span>\n        <\/span>\n    <\/span>\n<\/span>            <\/div>\n                <div class='portfolio_description ' style=background-color:#f4f4f4;'>\n\n        \n    <h4 itemprop=\"name\" class=\"portfolio_title entry_title\"><a itemprop=\"url\" href=\"https:\/\/www.maisons-geode.com\/constructeur\/portfolio_page\/avant-projets-de-plain-pied\/\"  target=\"_self\"> Avant-projets de plain-pied<\/a><\/h4>\n\n\n        \n        \n    <\/div>\n        \n<\/article>\n<article class='mix portfolio_category_19 portfolio_category_25 default' style=''>\n    \n    \n    \n                <div class='image_holder'>\n                <a itemprop='url' class='portfolio_link_for_touch' href='https:\/\/www.maisons-geode.com\/constructeur\/portfolio_page\/avant-projets-toiture-terrasse\/' target=''>\n                    \n<span class='image'><img loading=\"lazy\" decoding=\"async\" width=\"570\" height=\"570\" src=\"https:\/\/www.maisons-geode.com\/constructeur\/wp-content\/uploads\/2016\/05\/TT110-570x570.jpg\" class=\"attachment-portfolio-square size-portfolio-square wp-post-image\" alt=\"Maison toiture terrasse TT110 - Maisons G\u00e9ode\" srcset=\"https:\/\/www.maisons-geode.com\/constructeur\/wp-content\/uploads\/2016\/05\/TT110-570x570.jpg 570w, https:\/\/www.maisons-geode.com\/constructeur\/wp-content\/uploads\/2016\/05\/TT110-150x150.jpg 150w, https:\/\/www.maisons-geode.com\/constructeur\/wp-content\/uploads\/2016\/05\/TT110-500x500.jpg 500w\" sizes=\"auto, (max-width: 570px) 100vw, 570px\" \/><\/span>                <\/a>\n\n                <span class='text_holder'>\n    <span class='text_outer'>\n        <span class='text_inner'>\n            <span class='feature_holder'>\n                            <span class=\"feature_holder_icons\">';\n                    \n                            <a itemprop='url' class='preview qbutton small white' href='https:\/\/www.maisons-geode.com\/constructeur\/portfolio_page\/avant-projets-toiture-terrasse\/' target='_self'>Voir<\/i><\/a>\n    \n                                            <\/span>\n        <\/span>\n    <\/span>\n<\/span>            <\/div>\n                <div class='portfolio_description ' style=background-color:#f4f4f4;'>\n\n        \n    <h4 itemprop=\"name\" class=\"portfolio_title entry_title\"><a itemprop=\"url\" href=\"https:\/\/www.maisons-geode.com\/constructeur\/portfolio_page\/avant-projets-toiture-terrasse\/\"  target=\"_self\"> Avant-projets toiture terrasse<\/a><\/h4>\n\n\n        \n        \n    <\/div>\n        \n<\/article>\n<article class='mix portfolio_category_19 portfolio_category_27 default' style=''>\n    \n    \n    \n                <div class='image_holder'>\n                <a itemprop='url' class='portfolio_link_for_touch' href='https:\/\/www.maisons-geode.com\/constructeur\/portfolio_page\/avant-projets-sur-sous-sol\/' target=''>\n                    \n<span class='image'><img loading=\"lazy\" decoding=\"async\" width=\"570\" height=\"570\" src=\"https:\/\/www.maisons-geode.com\/constructeur\/wp-content\/uploads\/2016\/05\/SS20-570x570.jpg\" class=\"attachment-portfolio-square size-portfolio-square wp-post-image\" alt=\"Maison sur sous-sol SS20 - Maisons G\u00e9ode\" srcset=\"https:\/\/www.maisons-geode.com\/constructeur\/wp-content\/uploads\/2016\/05\/SS20-570x570.jpg 570w, https:\/\/www.maisons-geode.com\/constructeur\/wp-content\/uploads\/2016\/05\/SS20-150x150.jpg 150w, https:\/\/www.maisons-geode.com\/constructeur\/wp-content\/uploads\/2016\/05\/SS20-500x500.jpg 500w\" sizes=\"auto, (max-width: 570px) 100vw, 570px\" \/><\/span>                <\/a>\n\n                <span class='text_holder'>\n    <span class='text_outer'>\n        <span class='text_inner'>\n            <span class='feature_holder'>\n                            <span class=\"feature_holder_icons\">';\n                    \n                            <a itemprop='url' class='preview qbutton small white' href='https:\/\/www.maisons-geode.com\/constructeur\/portfolio_page\/avant-projets-sur-sous-sol\/' target='_self'>Voir<\/i><\/a>\n    \n                                            <\/span>\n        <\/span>\n    <\/span>\n<\/span>            <\/div>\n                <div class='portfolio_description ' style=background-color:#f4f4f4;'>\n\n        \n    <h4 itemprop=\"name\" class=\"portfolio_title entry_title\"><a itemprop=\"url\" href=\"https:\/\/www.maisons-geode.com\/constructeur\/portfolio_page\/avant-projets-sur-sous-sol\/\"  target=\"_self\"> Avant-projets sur sous-sol<\/a><\/h4>\n\n\n        \n        \n    <\/div>\n        \n<\/article>\n        <div class='filler'><\/div>\n            <div class='filler'><\/div>\n            <div class='filler'><\/div>\n        <\/div>\n\n    \n    <\/div>[\/vc_column][\/vc_row][vc_column][\/vc_column][vc_column][\/vc_column][vc_row css_animation=\u00a0\u00bb\u00a0\u00bb row_type=\u00a0\u00bbrow\u00a0\u00bb use_row_as_full_screen_section=\u00a0\u00bbno\u00a0\u00bb type=\u00a0\u00bbfull_width\u00a0\u00bb angled_section=\u00a0\u00bbno\u00a0\u00bb text_align=\u00a0\u00bbleft\u00a0\u00bb background_image_as_pattern=\u00a0\u00bbwithout_pattern\u00a0\u00bb][vc_column css_animation=\u00a0\u00bbfadeInRight\u00a0\u00bb][vc_empty_space height=\u00a0\u00bb40px\u00a0\u00bb][vc_single_image image=\u00a0\u00bb872&Prime; img_size=\u00a0\u00bblarge\u00a0\u00bb alignment=\u00a0\u00bbcenter\u00a0\u00bb qode_css_animation=\u00a0\u00bb\u00a0\u00bb][vc_empty_space height=\u00a0\u00bb40px\u00a0\u00bb][vc_raw_js]JTNDc2NyaXB0JTNFJTBBJTBBbGV0JTIwZWxlbWVudHMlMjAlM0QlMjBkb2N1bWVudC5xdWVyeVNlbGVjdG9yQWxsJTI4JTIyYS5wcmV2aWV3LnFidXR0b24uc21hbGwud2hpdGUlMjIlMjklM0IlMEElMkYlMkYlMjBQYXJjb3VycyUyMGNoYXF1ZSUyMCVDMyVBOWwlQzMlQTltZW50JTIwZXQlMjByZW1wbGFjZSUyMGxlJTIwdGV4dGUlMjAlMjJWb2lyJTIyJTIwcGFyJTIwJTIyRCVDMyVBOWNvdXZyaXIlMjIlMEFlbGVtZW50cy5mb3JFYWNoJTI4ZWxlbWVudCUyMCUzRCUzRSUyMCU3QiUwQSUyMCUyMCUyMCUyMGlmJTIwJTI4ZWxlbWVudC50ZXh0Q29udGVudC50cmltJTI4JTI5JTIwJTNEJTNEJTNEJTIwJTIyVm9pciUyMiUyOSUyMCU3QiUwQSUyMCUyMCUyMCUyMCUyMCUyMCUyMCUyMGVsZW1lbnQudGV4dENvbnRlbnQlMjAlM0QlMjAlMjJEJUMzJUE5Y291dnJpciUyMiUzQiUwQSUyMCUyMCUyMCUyMCU3RCUwQSU3RCUyOSUzQiUwQSUwQSUzQyUyRnNjcmlwdCUzRQ==[\/vc_raw_js][\/vc_column][\/vc_row]<\/p>\n","protected":false},"excerpt":{"rendered":"<p>[vc_row css_animation=\u00a0\u00bb\u00a0\u00bb row_type=\u00a0\u00bbrow\u00a0\u00bb use_row_as_full_screen_section=\u00a0\u00bbno\u00a0\u00bb type=\u00a0\u00bbgrid\u00a0\u00bb angled_section=\u00a0\u00bbno\u00a0\u00bb text_align=\u00a0\u00bbleft\u00a0\u00bb background_image_as_pattern=\u00a0\u00bbwithout_pattern\u00a0\u00bb background_color=\u00a0\u00bb#0a4b7d\u00a0\u00bb][vc_column][vc_column_text css=\u00a0\u00bb.vc_custom_1633004663354{padding-top: 10px !important;padding-bottom: 10px !important;}\u00a0\u00bb] Avant-projets personnalis\u00e9s [\/vc_column_text][\/vc_column][\/vc_row][vc_row css_animation=\u00a0\u00bbelement_from_left\u00a0\u00bb row_type=\u00a0\u00bbrow\u00a0\u00bb use_row_as_full_screen_section=\u00a0\u00bbno\u00a0\u00bb type=\u00a0\u00bbgrid\u00a0\u00bb angled_section=\u00a0\u00bbno\u00a0\u00bb text_align=\u00a0\u00bbleft\u00a0\u00bb background_image_as_pattern=\u00a0\u00bbwithout_pattern\u00a0\u00bb z_index=\u00a0\u00bb\u00a0\u00bb padding_top=\u00a0\u00bb30&Prime; padding_bottom=\u00a0\u00bb0&Prime; background_color=\u00a0\u00bb#f4f4f4&Prime; el_id=\u00a0\u00bbavant-projet-portfolio-button\u00a0\u00bb][vc_column][vc_column_text] Mise en perspective des id\u00e9es D\u00e9couvrez notre galerie[\/vc_column_text][vc_empty_space height=\u00a0\u00bb20px\u00a0\u00bb][\/vc_column][\/vc_row][vc_column][\/vc_column][vc_column][\/vc_column][vc_row css_animation=\u00a0\u00bb\u00a0\u00bb row_type=\u00a0\u00bbrow\u00a0\u00bb use_row_as_full_screen_section=\u00a0\u00bbno\u00a0\u00bb type=\u00a0\u00bbfull_width\u00a0\u00bb angled_section=\u00a0\u00bbno\u00a0\u00bb text_align=\u00a0\u00bbleft\u00a0\u00bb background_image_as_pattern=\u00a0\u00bbwithout_pattern\u00a0\u00bb][vc_column&#8230;<\/p>\n","protected":false},"author":1,"featured_media":0,"parent":0,"menu_order":0,"comment_status":"closed","ping_status":"closed","template":"full_width.php","meta":{"footnotes":""},"class_list":["post-18","page","type-page","status-publish","hentry"],"_links":{"self":[{"href":"https:\/\/www.maisons-geode.com\/constructeur\/wp-json\/wp\/v2\/pages\/18","targetHints":{"allow":["GET"]}}],"collection":[{"href":"https:\/\/www.maisons-geode.com\/constructeur\/wp-json\/wp\/v2\/pages"}],"about":[{"href":"https:\/\/www.maisons-geode.com\/constructeur\/wp-json\/wp\/v2\/types\/page"}],"author":[{"embeddable":true,"href":"https:\/\/www.maisons-geode.com\/constructeur\/wp-json\/wp\/v2\/users\/1"}],"replies":[{"embeddable":true,"href":"https:\/\/www.maisons-geode.com\/constructeur\/wp-json\/wp\/v2\/comments?post=18"}],"version-history":[{"count":7,"href":"https:\/\/www.maisons-geode.com\/constructeur\/wp-json\/wp\/v2\/pages\/18\/revisions"}],"predecessor-version":[{"id":1826,"href":"https:\/\/www.maisons-geode.com\/constructeur\/wp-json\/wp\/v2\/pages\/18\/revisions\/1826"}],"wp:attachment":[{"href":"https:\/\/www.maisons-geode.com\/constructeur\/wp-json\/wp\/v2\/media?parent=18"}],"curies":[{"name":"wp","href":"https:\/\/api.w.org\/{rel}","templated":true}]}}