{"id":1629,"date":"2024-07-18T11:29:31","date_gmt":"2024-07-18T09:29:31","guid":{"rendered":"https:\/\/www.maisons-geode.com\/constructeur\/?page_id=1629"},"modified":"2024-11-04T13:16:51","modified_gmt":"2024-11-04T12:16:51","slug":"extension-de-maison","status":"publish","type":"page","link":"https:\/\/www.maisons-geode.com\/constructeur\/extension-de-maison\/","title":{"rendered":"Extension de maison"},"content":{"rendered":"<p>[vc_row css_animation=\u00a0\u00bb\u00a0\u00bb row_type=\u00a0\u00bbrow\u00a0\u00bb use_row_as_full_screen_section=\u00a0\u00bbno\u00a0\u00bb type=\u00a0\u00bbgrid\u00a0\u00bb angled_section=\u00a0\u00bbno\u00a0\u00bb text_align=\u00a0\u00bbleft\u00a0\u00bb background_image_as_pattern=\u00a0\u00bbwithout_pattern\u00a0\u00bb background_color=\u00a0\u00bb#0a4b7d\u00a0\u00bb padding_top=\u00a0\u00bb10&Prime; padding_bottom=\u00a0\u00bb10&Prime;][vc_column][vc_column_text]<\/p>\n<h1>Extension de maison \/ abri de jardin \/ piscine \/ terrasse \/ pool house \/ fosse de discussion<\/h1>\n<p>[\/vc_column_text][\/vc_column][\/vc_row][vc_row css_animation=\u00a0\u00bb\u00a0\u00bb row_type=\u00a0\u00bbrow\u00a0\u00bb use_row_as_full_screen_section=\u00a0\u00bbno\u00a0\u00bb type=\u00a0\u00bbfull_width\u00a0\u00bb angled_section=\u00a0\u00bbno\u00a0\u00bb text_align=\u00a0\u00bbleft\u00a0\u00bb background_image_as_pattern=\u00a0\u00bbwithout_pattern\u00a0\u00bb][vc_column][vc_empty_space height=\u00a0\u00bb40px\u00a0\u00bb][\/vc_column][\/vc_row][vc_row css_animation=\u00a0\u00bb\u00a0\u00bb row_type=\u00a0\u00bbrow\u00a0\u00bb use_row_as_full_screen_section=\u00a0\u00bbno\u00a0\u00bb type=\u00a0\u00bbgrid\u00a0\u00bb angled_section=\u00a0\u00bbno\u00a0\u00bb text_align=\u00a0\u00bbleft\u00a0\u00bb background_image_as_pattern=\u00a0\u00bbwithout_pattern\u00a0\u00bb][vc_column css_animation=\u00a0\u00bbfadeInLeft\u00a0\u00bb width=\u00a0\u00bb1\/2&Prime;][vc_single_image image=\u00a0\u00bb1648&Prime; img_size=\u00a0\u00bbfull\u00a0\u00bb alignment=\u00a0\u00bbright\u00a0\u00bb qode_css_animation=\u00a0\u00bbelement_from_right\u00a0\u00bb][\/vc_column][vc_column css_animation=\u00a0\u00bbfadeInRight\u00a0\u00bb width=\u00a0\u00bb1\/2&Prime;][vc_column_text]<\/p>\n<h2>Transformez votre habitation<!-- notionvc: 4e17eb42-aaf4-4f13-9d52-73a3f0f9959b --><\/h2>\n<p>[\/vc_column_text][vc_empty_space height=\u00a0\u00bb20px\u00a0\u00bb][vc_column_text]<\/p>\n<h3 style=\"text-align: justify;\"><span class=\"notion-enable-hover\" data-token-index=\"0\">Extensions de Maisons<\/span><\/h3>\n<p style=\"text-align: justify;\">Donnez une nouvelle dimension \u00e0 votre maison avec nos extensions sur mesure. Que vous souhaitiez agrandir votre espace de vie, cr\u00e9er une nouvelle pi\u00e8ce ou moderniser votre habitation, nous concevons des solutions adapt\u00e9es \u00e0 vos besoins et \u00e0 votre style.<!-- notionvc: 19f74d38-fb3e-4484-977a-a2197f8bc2c8 --><\/p>\n<p style=\"text-align: justify;\"><strong>\u00a0<\/strong><\/p>\n<p>[\/vc_column_text][vc_empty_space height=\u00a0\u00bb20px\u00a0\u00bb][vc_column_text]<\/p>\n<h3 style=\"text-align: justify;\"><span class=\"notion-enable-hover\" data-token-index=\"0\">Pool-House<!-- notionvc: 6eb2f519-0f63-4df8-85be-3bcd18b08b3d --><\/span><\/h3>\n<p style=\"text-align: justify;\">Profitez de moments de d\u00e9tente autour de votre piscine gr\u00e2ce \u00e0 nos pool-houses \u00e9l\u00e9gants et fonctionnels. Un espace id\u00e9al pour se relaxer en famille ou entre amis, tout en ajoutant une touche esth\u00e9tique \u00e0 votre jardin.<!-- notionvc: 6ab0b3ea-a795-4d34-80df-8b7172e9ac6f --><!-- notionvc: 19f74d38-fb3e-4484-977a-a2197f8bc2c8 --><\/p>\n<p style=\"text-align: justify;\"><strong>\u00a0<\/strong><\/p>\n<p>[\/vc_column_text][vc_empty_space height=\u00a0\u00bb20px\u00a0\u00bb][vc_column_text]<\/p>\n<h3 style=\"text-align: justify;\"><span class=\"notion-enable-hover\" data-token-index=\"0\">Piscines<!-- notionvc: 94e6bb27-552e-41f3-93f2-0b93e6df73fc --><!-- notionvc: 6eb2f519-0f63-4df8-85be-3bcd18b08b3d --><\/span><\/h3>\n<p style=\"text-align: justify;\">Offrez-vous le luxe d&rsquo;une piscine dans votre propre jardin. Nous concevons et r\u00e9alisons des piscines qui allient confort, s\u00e9curit\u00e9 et esth\u00e9tique, pour des moments de plaisir inoubliables.<!-- notionvc: 9b229162-4ac9-45fe-b3ed-79d2aff3931f --><!-- notionvc: 6ab0b3ea-a795-4d34-80df-8b7172e9ac6f --><!-- notionvc: 19f74d38-fb3e-4484-977a-a2197f8bc2c8 --><\/p>\n<p style=\"text-align: justify;\"><strong>\u00a0<\/strong><\/p>\n<p>[\/vc_column_text][vc_empty_space height=\u00a0\u00bb20px\u00a0\u00bb][vc_column_text]<\/p>\n<h3 style=\"text-align: justify;\"><span class=\"notion-enable-hover\" data-token-index=\"0\">Fosses de discussion<!-- notionvc: 6fe07989-ae49-4943-82b0-b9a92258fc2e --><!-- notionvc: 94e6bb27-552e-41f3-93f2-0b93e6df73fc --><!-- notionvc: 6eb2f519-0f63-4df8-85be-3bcd18b08b3d --><\/span><\/h3>\n<p style=\"text-align: justify;\">Cr\u00e9ez un espace convivial et unique avec nos fosses de discussion. Un lieu intime et chaleureux pour des \u00e9changes entre amis ou des moments de d\u00e9tente en famille, am\u00e9nag\u00e9 selon vos envies.<!-- notionvc: 1146f414-f1a6-4526-9248-fd002c17abf9 --><!-- notionvc: 9b229162-4ac9-45fe-b3ed-79d2aff3931f --><!-- notionvc: 6ab0b3ea-a795-4d34-80df-8b7172e9ac6f --><!-- notionvc: 19f74d38-fb3e-4484-977a-a2197f8bc2c8 --><\/p>\n<p style=\"text-align: justify;\"><strong>\u00a0<\/strong><\/p>\n<p>[\/vc_column_text][vc_empty_space height=\u00a0\u00bb20px\u00a0\u00bb][vc_column_text]<\/p>\n<h3 style=\"text-align: justify;\"><span class=\"notion-enable-hover\" data-token-index=\"0\">Abri de jardin<!-- notionvc: 6fe07989-ae49-4943-82b0-b9a92258fc2e --><!-- notionvc: 94e6bb27-552e-41f3-93f2-0b93e6df73fc --><!-- notionvc: 6eb2f519-0f63-4df8-85be-3bcd18b08b3d --><\/span><\/h3>\n<p style=\"text-align: justify;\">Optimisez votre espace ext\u00e9rieur avec nos abris de jardin sur-mesure. Que ce soit pour stocker vos outils, cr\u00e9er un atelier ou am\u00e9nager un coin de d\u00e9tente, nous r\u00e9alisons des abris qui s\u2019int\u00e8grent parfaitement \u00e0 l\u2019esth\u00e9tique de votre maison et de votre jardin.<!-- notionvc: 1146f414-f1a6-4526-9248-fd002c17abf9 --><!-- notionvc: 9b229162-4ac9-45fe-b3ed-79d2aff3931f --><!-- notionvc: 6ab0b3ea-a795-4d34-80df-8b7172e9ac6f --><!-- notionvc: 19f74d38-fb3e-4484-977a-a2197f8bc2c8 --><\/p>\n<p style=\"text-align: justify;\"><strong>\u00a0<\/strong><\/p>\n<p>[\/vc_column_text][\/vc_column][\/vc_row][vc_row css_animation=\u00a0\u00bb\u00a0\u00bb row_type=\u00a0\u00bbrow\u00a0\u00bb use_row_as_full_screen_section=\u00a0\u00bbno\u00a0\u00bb type=\u00a0\u00bbfull_width\u00a0\u00bb angled_section=\u00a0\u00bbno\u00a0\u00bb text_align=\u00a0\u00bbleft\u00a0\u00bb background_image_as_pattern=\u00a0\u00bbwithout_pattern\u00a0\u00bb][vc_column][vc_empty_space height=\u00a0\u00bb40px\u00a0\u00bb][\/vc_column][\/vc_row][vc_row css_animation=\u00a0\u00bb\u00a0\u00bb row_type=\u00a0\u00bbrow\u00a0\u00bb use_row_as_full_screen_section=\u00a0\u00bbno\u00a0\u00bb type=\u00a0\u00bbfull_width\u00a0\u00bb angled_section=\u00a0\u00bbno\u00a0\u00bb text_align=\u00a0\u00bbleft\u00a0\u00bb background_image_as_pattern=\u00a0\u00bbwithout_pattern\u00a0\u00bb z_index=\u00a0\u00bb\u00a0\u00bb background_color=\u00a0\u00bb#f4f4f4&Prime;][vc_column][vc_empty_space height=\u00a0\u00bb20px\u00a0\u00bb][\/vc_column][\/vc_row][vc_row css_animation=\u00a0\u00bb\u00a0\u00bb row_type=\u00a0\u00bbrow\u00a0\u00bb use_row_as_full_screen_section=\u00a0\u00bbno\u00a0\u00bb type=\u00a0\u00bbgrid\u00a0\u00bb angled_section=\u00a0\u00bbno\u00a0\u00bb text_align=\u00a0\u00bbleft\u00a0\u00bb background_image_as_pattern=\u00a0\u00bbwithout_pattern\u00a0\u00bb z_index=\u00a0\u00bb\u00a0\u00bb background_color=\u00a0\u00bb#f4f4f4&Prime; el_id=\u00a0\u00bbextension_maison-button\u00a0\u00bb][vc_column css_animation=\u00a0\u00bbfadeInRight\u00a0\u00bb][vc_column_text]<\/p>\n<h2>Quelques projets <!-- notionvc: 4e17eb42-aaf4-4f13-9d52-73a3f0f9959b --><\/h2>\n<p>[\/vc_column_text][vc_empty_space height=\u00a0\u00bb20px\u00a0\u00bb]<div class='projects_holder_outer v3 portfolio_with_space portfolio_standard'>\n        <div class='projects_holder portfolio_main_holder clearfix v3 standard portfolio_square_image '>\n        \n        <article class='mix portfolio_category_30 default' style=''>\n    \n    \n    \n                <div class='image_holder'>\n                <a itemprop='url' class='portfolio_link_for_touch' href='https:\/\/www.maisons-geode.com\/constructeur\/portfolio_page\/extension-chantier-1\/' target=''>\n                    \n<span class='image'><img loading=\"lazy\" decoding=\"async\" width=\"570\" height=\"570\" src=\"https:\/\/www.maisons-geode.com\/constructeur\/wp-content\/uploads\/2024\/08\/chantier-extension-1-1-570x570.jpg\" class=\"attachment-portfolio-square size-portfolio-square wp-post-image\" alt=\"\" srcset=\"https:\/\/www.maisons-geode.com\/constructeur\/wp-content\/uploads\/2024\/08\/chantier-extension-1-1-570x570.jpg 570w, https:\/\/www.maisons-geode.com\/constructeur\/wp-content\/uploads\/2024\/08\/chantier-extension-1-1-150x150.jpg 150w, https:\/\/www.maisons-geode.com\/constructeur\/wp-content\/uploads\/2024\/08\/chantier-extension-1-1-500x500.jpg 500w, https:\/\/www.maisons-geode.com\/constructeur\/wp-content\/uploads\/2024\/08\/chantier-extension-1-1-1000x1000.jpg 1000w\" sizes=\"auto, (max-width: 570px) 100vw, 570px\" \/><\/span>                <\/a>\n\n                <span class='text_holder'>\n    <span class='text_outer'>\n        <span class='text_inner'>\n            <span class='feature_holder'>\n                            <span class=\"feature_holder_icons\">';\n                    \n                            <a itemprop='url' class='preview qbutton small white' href='https:\/\/www.maisons-geode.com\/constructeur\/portfolio_page\/extension-chantier-1\/' target='_self'>Voir<\/i><\/a>\n    \n                                            <\/span>\n        <\/span>\n    <\/span>\n<\/span>            <\/div>\n                <div class='portfolio_description ' >\n\n        \n    <h4 itemprop=\"name\" class=\"portfolio_title entry_title\"><a itemprop=\"url\" href=\"https:\/\/www.maisons-geode.com\/constructeur\/portfolio_page\/extension-chantier-1\/\"  target=\"_self\"> Extension maison sur 3 niveaux + piscine be\u0301ton monobloc<\/a><\/h4>\n\n\n        \n        \n    <\/div>\n        \n<\/article>\n<article class='mix portfolio_category_30 default' style=''>\n    \n    \n    \n                <div class='image_holder'>\n                <a itemprop='url' class='portfolio_link_for_touch' href='https:\/\/www.maisons-geode.com\/constructeur\/portfolio_page\/extension-chantier-2\/' target=''>\n                    \n<span class='image'><img loading=\"lazy\" decoding=\"async\" width=\"570\" height=\"570\" src=\"https:\/\/www.maisons-geode.com\/constructeur\/wp-content\/uploads\/2024\/07\/maison-geode-extension-maison-moselle-grand-est-1-570x570.jpg\" class=\"attachment-portfolio-square size-portfolio-square wp-post-image\" alt=\"\" srcset=\"https:\/\/www.maisons-geode.com\/constructeur\/wp-content\/uploads\/2024\/07\/maison-geode-extension-maison-moselle-grand-est-1-570x570.jpg 570w, https:\/\/www.maisons-geode.com\/constructeur\/wp-content\/uploads\/2024\/07\/maison-geode-extension-maison-moselle-grand-est-1-150x150.jpg 150w, https:\/\/www.maisons-geode.com\/constructeur\/wp-content\/uploads\/2024\/07\/maison-geode-extension-maison-moselle-grand-est-1-600x600.jpg 600w, https:\/\/www.maisons-geode.com\/constructeur\/wp-content\/uploads\/2024\/07\/maison-geode-extension-maison-moselle-grand-est-1-500x500.jpg 500w\" sizes=\"auto, (max-width: 570px) 100vw, 570px\" \/><\/span>                <\/a>\n\n                <span class='text_holder'>\n    <span class='text_outer'>\n        <span class='text_inner'>\n            <span class='feature_holder'>\n                            <span class=\"feature_holder_icons\">';\n                    \n                            <a itemprop='url' class='preview qbutton small white' href='https:\/\/www.maisons-geode.com\/constructeur\/portfolio_page\/extension-chantier-2\/' target='_self'>Voir<\/i><\/a>\n    \n                                            <\/span>\n        <\/span>\n    <\/span>\n<\/span>            <\/div>\n                <div class='portfolio_description ' >\n\n        \n    <h4 itemprop=\"name\" class=\"portfolio_title entry_title\"><a itemprop=\"url\" href=\"https:\/\/www.maisons-geode.com\/constructeur\/portfolio_page\/extension-chantier-2\/\"  target=\"_self\"> Extension d&rsquo;\u00e9tage<\/a><\/h4>\n\n\n        \n        \n    <\/div>\n        \n<\/article>\n<article class='mix portfolio_category_30 default' style=''>\n    \n    \n    \n                <div class='image_holder'>\n                <a itemprop='url' class='portfolio_link_for_touch' href='https:\/\/www.maisons-geode.com\/constructeur\/portfolio_page\/extension-chantier-3\/' target=''>\n                    \n<span class='image'><img loading=\"lazy\" decoding=\"async\" width=\"570\" height=\"570\" src=\"https:\/\/www.maisons-geode.com\/constructeur\/wp-content\/uploads\/2024\/07\/maison-geode-extension-maison-moselle-grand-est-2-570x570.jpg\" class=\"attachment-portfolio-square size-portfolio-square wp-post-image\" alt=\"\" srcset=\"https:\/\/www.maisons-geode.com\/constructeur\/wp-content\/uploads\/2024\/07\/maison-geode-extension-maison-moselle-grand-est-2-570x570.jpg 570w, https:\/\/www.maisons-geode.com\/constructeur\/wp-content\/uploads\/2024\/07\/maison-geode-extension-maison-moselle-grand-est-2-150x150.jpg 150w, https:\/\/www.maisons-geode.com\/constructeur\/wp-content\/uploads\/2024\/07\/maison-geode-extension-maison-moselle-grand-est-2-600x600.jpg 600w, https:\/\/www.maisons-geode.com\/constructeur\/wp-content\/uploads\/2024\/07\/maison-geode-extension-maison-moselle-grand-est-2-500x500.jpg 500w\" sizes=\"auto, (max-width: 570px) 100vw, 570px\" \/><\/span>                <\/a>\n\n                <span class='text_holder'>\n    <span class='text_outer'>\n        <span class='text_inner'>\n            <span class='feature_holder'>\n                            <span class=\"feature_holder_icons\">';\n                    \n                            <a itemprop='url' class='preview qbutton small white' href='https:\/\/www.maisons-geode.com\/constructeur\/portfolio_page\/extension-chantier-3\/' target='_self'>Voir<\/i><\/a>\n    \n                                            <\/span>\n        <\/span>\n    <\/span>\n<\/span>            <\/div>\n                <div class='portfolio_description ' >\n\n        \n    <h4 itemprop=\"name\" class=\"portfolio_title entry_title\"><a itemprop=\"url\" href=\"https:\/\/www.maisons-geode.com\/constructeur\/portfolio_page\/extension-chantier-3\/\"  target=\"_self\"> Extension de maison<\/a><\/h4>\n\n\n        \n        \n    <\/div>\n        \n<\/article>\n<article class='mix portfolio_category_30 default' style=''>\n    \n    \n    \n                <div class='image_holder'>\n                <a itemprop='url' class='portfolio_link_for_touch' href='https:\/\/www.maisons-geode.com\/constructeur\/portfolio_page\/extension-chantier-4\/' target=''>\n                    \n<span class='image'><img loading=\"lazy\" decoding=\"async\" width=\"570\" height=\"570\" src=\"https:\/\/www.maisons-geode.com\/constructeur\/wp-content\/uploads\/2024\/07\/maison-geode-construction-moselle-piscine-pool-house-abris-1-570x570.jpg\" class=\"attachment-portfolio-square size-portfolio-square wp-post-image\" alt=\"\" srcset=\"https:\/\/www.maisons-geode.com\/constructeur\/wp-content\/uploads\/2024\/07\/maison-geode-construction-moselle-piscine-pool-house-abris-1-570x570.jpg 570w, https:\/\/www.maisons-geode.com\/constructeur\/wp-content\/uploads\/2024\/07\/maison-geode-construction-moselle-piscine-pool-house-abris-1-150x150.jpg 150w, https:\/\/www.maisons-geode.com\/constructeur\/wp-content\/uploads\/2024\/07\/maison-geode-construction-moselle-piscine-pool-house-abris-1-600x600.jpg 600w, https:\/\/www.maisons-geode.com\/constructeur\/wp-content\/uploads\/2024\/07\/maison-geode-construction-moselle-piscine-pool-house-abris-1-500x500.jpg 500w\" sizes=\"auto, (max-width: 570px) 100vw, 570px\" \/><\/span>                <\/a>\n\n                <span class='text_holder'>\n    <span class='text_outer'>\n        <span class='text_inner'>\n            <span class='feature_holder'>\n                            <span class=\"feature_holder_icons\">';\n                    \n                            <a itemprop='url' class='preview qbutton small white' href='https:\/\/www.maisons-geode.com\/constructeur\/portfolio_page\/extension-chantier-4\/' target='_self'>Voir<\/i><\/a>\n    \n                                            <\/span>\n        <\/span>\n    <\/span>\n<\/span>            <\/div>\n                <div class='portfolio_description ' >\n\n        \n    <h4 itemprop=\"name\" class=\"portfolio_title entry_title\"><a itemprop=\"url\" href=\"https:\/\/www.maisons-geode.com\/constructeur\/portfolio_page\/extension-chantier-4\/\"  target=\"_self\"> Piscine + fosse de discussion + pool house<\/a><\/h4>\n\n\n        \n        \n    <\/div>\n        \n<\/article>\n<article class='mix portfolio_category_30 default' style=''>\n    \n    \n    \n                <div class='image_holder'>\n                <a itemprop='url' class='portfolio_link_for_touch' href='https:\/\/www.maisons-geode.com\/constructeur\/portfolio_page\/extension-chantier-5\/' target=''>\n                    \n<span class='image'><img loading=\"lazy\" decoding=\"async\" width=\"570\" height=\"570\" src=\"https:\/\/www.maisons-geode.com\/constructeur\/wp-content\/uploads\/2024\/08\/chantier-extension-5-1-570x570.jpg\" class=\"attachment-portfolio-square size-portfolio-square wp-post-image\" alt=\"\" srcset=\"https:\/\/www.maisons-geode.com\/constructeur\/wp-content\/uploads\/2024\/08\/chantier-extension-5-1-570x570.jpg 570w, https:\/\/www.maisons-geode.com\/constructeur\/wp-content\/uploads\/2024\/08\/chantier-extension-5-1-150x150.jpg 150w, https:\/\/www.maisons-geode.com\/constructeur\/wp-content\/uploads\/2024\/08\/chantier-extension-5-1-500x500.jpg 500w\" sizes=\"auto, (max-width: 570px) 100vw, 570px\" \/><\/span>                <\/a>\n\n                <span class='text_holder'>\n    <span class='text_outer'>\n        <span class='text_inner'>\n            <span class='feature_holder'>\n                            <span class=\"feature_holder_icons\">';\n                    \n                            <a itemprop='url' class='preview qbutton small white' href='https:\/\/www.maisons-geode.com\/constructeur\/portfolio_page\/extension-chantier-5\/' target='_self'>Voir<\/i><\/a>\n    \n                                            <\/span>\n        <\/span>\n    <\/span>\n<\/span>            <\/div>\n                <div class='portfolio_description ' >\n\n        \n    <h4 itemprop=\"name\" class=\"portfolio_title entry_title\"><a itemprop=\"url\" href=\"https:\/\/www.maisons-geode.com\/constructeur\/portfolio_page\/extension-chantier-5\/\"  target=\"_self\"> Extension d&rsquo;\u00e9tage<\/a><\/h4>\n\n\n        \n        \n    <\/div>\n        \n<\/article>\n<article class='mix portfolio_category_30 default' style=''>\n    \n    \n    \n                <div class='image_holder'>\n                <a itemprop='url' class='portfolio_link_for_touch' href='https:\/\/www.maisons-geode.com\/constructeur\/portfolio_page\/extension-piscines\/' target=''>\n                    \n<span class='image'><img loading=\"lazy\" decoding=\"async\" width=\"570\" height=\"570\" src=\"https:\/\/www.maisons-geode.com\/constructeur\/wp-content\/uploads\/2024\/08\/chantier-piscine-1-web-570x570.jpg\" class=\"attachment-portfolio-square size-portfolio-square wp-post-image\" alt=\"\" srcset=\"https:\/\/www.maisons-geode.com\/constructeur\/wp-content\/uploads\/2024\/08\/chantier-piscine-1-web-570x570.jpg 570w, https:\/\/www.maisons-geode.com\/constructeur\/wp-content\/uploads\/2024\/08\/chantier-piscine-1-web-150x150.jpg 150w, https:\/\/www.maisons-geode.com\/constructeur\/wp-content\/uploads\/2024\/08\/chantier-piscine-1-web-500x500.jpg 500w\" sizes=\"auto, (max-width: 570px) 100vw, 570px\" \/><\/span>                <\/a>\n\n                <span class='text_holder'>\n    <span class='text_outer'>\n        <span class='text_inner'>\n            <span class='feature_holder'>\n                            <span class=\"feature_holder_icons\">';\n                    \n                            <a itemprop='url' class='preview qbutton small white' href='https:\/\/www.maisons-geode.com\/constructeur\/portfolio_page\/extension-piscines\/' target='_self'>Voir<\/i><\/a>\n    \n                                            <\/span>\n        <\/span>\n    <\/span>\n<\/span>            <\/div>\n                <div class='portfolio_description ' >\n\n        \n    <h4 itemprop=\"name\" class=\"portfolio_title entry_title\"><a itemprop=\"url\" href=\"https:\/\/www.maisons-geode.com\/constructeur\/portfolio_page\/extension-piscines\/\"  target=\"_self\"> Piscines<\/a><\/h4>\n\n\n        \n        \n    <\/div>\n        \n<\/article>\n        <div class='filler'><\/div>\n            <div class='filler'><\/div>\n            <div class='filler'><\/div>\n        <\/div>\n\n    \n    <\/div>[vc_raw_js]JTNDc2NyaXB0JTNFJTBBJTBBbGV0JTIwZWxlbWVudHMlMjAlM0QlMjBkb2N1bWVudC5xdWVyeVNlbGVjdG9yQWxsJTI4JTIyYS5wcmV2aWV3LnFidXR0b24uc21hbGwud2hpdGUlMjIlMjklM0IlMEElMkYlMkYlMjBQYXJjb3VycyUyMGNoYXF1ZSUyMCVDMyVBOWwlQzMlQTltZW50JTIwZXQlMjByZW1wbGFjZSUyMGxlJTIwdGV4dGUlMjAlMjJWb2lyJTIyJTIwcGFyJTIwJTIyRCVDMyVBOWNvdXZyaXIlMjIlMEFlbGVtZW50cy5mb3JFYWNoJTI4ZWxlbWVudCUyMCUzRCUzRSUyMCU3QiUwQSUyMCUyMCUyMCUyMGlmJTIwJTI4ZWxlbWVudC50ZXh0Q29udGVudC50cmltJTI4JTI5JTIwJTNEJTNEJTNEJTIwJTIyVm9pciUyMiUyOSUyMCU3QiUwQSUyMCUyMCUyMCUyMCUyMCUyMCUyMCUyMGVsZW1lbnQudGV4dENvbnRlbnQlMjAlM0QlMjAlMjJEJUMzJUE5Y291dnJpciUyMiUzQiUwQSUyMCUyMCUyMCUyMCU3RCUwQSU3RCUyOSUzQiUwQSUwQSUzQyUyRnNjcmlwdCUzRQ==[\/vc_raw_js][\/vc_column][\/vc_row][vc_row css_animation=\u00a0\u00bb\u00a0\u00bb row_type=\u00a0\u00bbrow\u00a0\u00bb use_row_as_full_screen_section=\u00a0\u00bbno\u00a0\u00bb type=\u00a0\u00bbfull_width\u00a0\u00bb angled_section=\u00a0\u00bbno\u00a0\u00bb text_align=\u00a0\u00bbleft\u00a0\u00bb background_image_as_pattern=\u00a0\u00bbwithout_pattern\u00a0\u00bb z_index=\u00a0\u00bb\u00a0\u00bb background_color=\u00a0\u00bb#f4f4f4&Prime;][vc_column][vc_empty_space height=\u00a0\u00bb40px\u00a0\u00bb][\/vc_column][\/vc_row][vc_row css_animation=\u00a0\u00bb\u00a0\u00bb row_type=\u00a0\u00bbrow\u00a0\u00bb use_row_as_full_screen_section=\u00a0\u00bbno\u00a0\u00bb type=\u00a0\u00bbgrid\u00a0\u00bb angled_section=\u00a0\u00bbno\u00a0\u00bb text_align=\u00a0\u00bbleft\u00a0\u00bb background_image_as_pattern=\u00a0\u00bbwithout_pattern\u00a0\u00bb z_index=\u00a0\u00bb\u00a0\u00bb background_color=\u00a0\u00bb#ffffff\u00a0\u00bb][vc_column css_animation=\u00a0\u00bbfadeInRight\u00a0\u00bb][vc_empty_space height=\u00a0\u00bb40px\u00a0\u00bb][vc_column_text]<\/p>\n<h2>Avant-projets<!-- notionvc: 4e17eb42-aaf4-4f13-9d52-73a3f0f9959b --><\/h2>\n<p>[\/vc_column_text][vc_empty_space height=\u00a0\u00bb20px\u00a0\u00bb][vc_gallery type=\u00a0\u00bbimage_grid\u00a0\u00bb images=\u00a0\u00bb1774,1767,1778&Prime; img_size=\u00a0\u00bblarge\u00a0\u00bb column_number=\u00a0\u00bb3&Prime; grayscale=\u00a0\u00bbno\u00a0\u00bb images_space=\u00a0\u00bbgallery_with_space\u00a0\u00bb]<a  itemprop=\"url\" href=\"https:\/\/www.maisons-geode.com\/constructeur\/portfolio_page\/avant-projets-extensions\/\" target=\"_self\"  class=\"qbutton  center default\" style=\"color: #ffffff; background-color: #0a4b7d;\">Plus d'avant-projets<\/a>[vc_empty_space height=\u00a0\u00bb40px\u00a0\u00bb][\/vc_column][\/vc_row][vc_row css_animation=\u00a0\u00bb\u00a0\u00bb row_type=\u00a0\u00bbrow\u00a0\u00bb use_row_as_full_screen_section=\u00a0\u00bbno\u00a0\u00bb type=\u00a0\u00bbgrid\u00a0\u00bb angled_section=\u00a0\u00bbno\u00a0\u00bb text_align=\u00a0\u00bbleft\u00a0\u00bb background_image_as_pattern=\u00a0\u00bbwithout_pattern\u00a0\u00bb background_color=\u00a0\u00bb#0c3a5e\u00a0\u00bb padding_top=\u00a0\u00bb10&Prime; padding_bottom=\u00a0\u00bb10&Prime; z_index=\u00a0\u00bb\u00a0\u00bb][vc_column][vc_empty_space height=\u00a0\u00bb20px\u00a0\u00bb][vc_column_text el_class=\u00a0\u00bbcolor-white\u00a0\u00bb]<\/p>\n<h2>Nos engagements<\/h2>\n<p>Chez Maisons GEODE, nous nous engageons \u00e0 vous offrir des prestations de haute qualit\u00e9, un suivi personnalis\u00e9 et des solutions innovantes, respectant les normes actuelles de construction et de performance \u00e9nerg\u00e9tique.<\/p>\n<p>Contactez-nous d\u00e8s aujourd\u2019hui pour discuter de votre projet d\u2019extension et transformer votre maison en un espace qui vous ressemble.[\/vc_column_text][vc_empty_space height=\u00a0\u00bb40px\u00a0\u00bb][vc_single_image image=\u00a0\u00bb1718&Prime; img_size=\u00a0\u00bbfull\u00a0\u00bb qode_css_animation=\u00a0\u00bb\u00a0\u00bb][vc_empty_space height=\u00a0\u00bb40px\u00a0\u00bb][\/vc_column][\/vc_row]<\/p>\n","protected":false},"excerpt":{"rendered":"<p>[vc_row css_animation=\u00a0\u00bb\u00a0\u00bb row_type=\u00a0\u00bbrow\u00a0\u00bb use_row_as_full_screen_section=\u00a0\u00bbno\u00a0\u00bb type=\u00a0\u00bbgrid\u00a0\u00bb angled_section=\u00a0\u00bbno\u00a0\u00bb text_align=\u00a0\u00bbleft\u00a0\u00bb background_image_as_pattern=\u00a0\u00bbwithout_pattern\u00a0\u00bb background_color=\u00a0\u00bb#0a4b7d\u00a0\u00bb padding_top=\u00a0\u00bb10&Prime; padding_bottom=\u00a0\u00bb10&Prime;][vc_column][vc_column_text] Extension de maison \/ abri de jardin \/ piscine \/ terrasse \/ pool house \/ fosse de discussion [\/vc_column_text][\/vc_column][\/vc_row][vc_row css_animation=\u00a0\u00bb\u00a0\u00bb row_type=\u00a0\u00bbrow\u00a0\u00bb use_row_as_full_screen_section=\u00a0\u00bbno\u00a0\u00bb type=\u00a0\u00bbfull_width\u00a0\u00bb angled_section=\u00a0\u00bbno\u00a0\u00bb text_align=\u00a0\u00bbleft\u00a0\u00bb background_image_as_pattern=\u00a0\u00bbwithout_pattern\u00a0\u00bb][vc_column][vc_empty_space height=\u00a0\u00bb40px\u00a0\u00bb][\/vc_column][\/vc_row][vc_row css_animation=\u00a0\u00bb\u00a0\u00bb row_type=\u00a0\u00bbrow\u00a0\u00bb use_row_as_full_screen_section=\u00a0\u00bbno\u00a0\u00bb type=\u00a0\u00bbgrid\u00a0\u00bb angled_section=\u00a0\u00bbno\u00a0\u00bb text_align=\u00a0\u00bbleft\u00a0\u00bb background_image_as_pattern=\u00a0\u00bbwithout_pattern\u00a0\u00bb][vc_column&#8230;<\/p>\n","protected":false},"author":11,"featured_media":0,"parent":0,"menu_order":0,"comment_status":"closed","ping_status":"closed","template":"full_width.php","meta":{"footnotes":""},"class_list":["post-1629","page","type-page","status-publish","hentry"],"_links":{"self":[{"href":"https:\/\/www.maisons-geode.com\/constructeur\/wp-json\/wp\/v2\/pages\/1629","targetHints":{"allow":["GET"]}}],"collection":[{"href":"https:\/\/www.maisons-geode.com\/constructeur\/wp-json\/wp\/v2\/pages"}],"about":[{"href":"https:\/\/www.maisons-geode.com\/constructeur\/wp-json\/wp\/v2\/types\/page"}],"author":[{"embeddable":true,"href":"https:\/\/www.maisons-geode.com\/constructeur\/wp-json\/wp\/v2\/users\/11"}],"replies":[{"embeddable":true,"href":"https:\/\/www.maisons-geode.com\/constructeur\/wp-json\/wp\/v2\/comments?post=1629"}],"version-history":[{"count":6,"href":"https:\/\/www.maisons-geode.com\/constructeur\/wp-json\/wp\/v2\/pages\/1629\/revisions"}],"predecessor-version":[{"id":1854,"href":"https:\/\/www.maisons-geode.com\/constructeur\/wp-json\/wp\/v2\/pages\/1629\/revisions\/1854"}],"wp:attachment":[{"href":"https:\/\/www.maisons-geode.com\/constructeur\/wp-json\/wp\/v2\/media?parent=1629"}],"curies":[{"name":"wp","href":"https:\/\/api.w.org\/{rel}","templated":true}]}}