{"id":10,"date":"2016-04-21T12:15:31","date_gmt":"2016-04-21T10:15:31","guid":{"rendered":"https:\/\/www.maisons-geode.com\/constructeur\/?page_id=10"},"modified":"2021-10-01T11:54:59","modified_gmt":"2021-10-01T09:54:59","slug":"engagement-qualite","status":"publish","type":"page","link":"https:\/\/www.maisons-geode.com\/constructeur\/engagement-qualite\/","title":{"rendered":"Engagement qualit\u00e9"},"content":{"rendered":"<p>[vc_row css_animation=\u00a0\u00bb\u00a0\u00bb row_type=\u00a0\u00bbrow\u00a0\u00bb use_row_as_full_screen_section=\u00a0\u00bbno\u00a0\u00bb type=\u00a0\u00bbgrid\u00a0\u00bb angled_section=\u00a0\u00bbno\u00a0\u00bb text_align=\u00a0\u00bbleft\u00a0\u00bb background_image_as_pattern=\u00a0\u00bbwithout_pattern\u00a0\u00bb background_color=\u00a0\u00bb#0a4b7d\u00a0\u00bb padding_top=\u00a0\u00bb10&Prime; padding_bottom=\u00a0\u00bb10&Prime;][vc_column][vc_column_text]<\/p>\n<h1>Engagement qualit\u00e9<\/h1>\n<p>[\/vc_column_text][\/vc_column][\/vc_row][vc_row css_animation=\u00a0\u00bb\u00a0\u00bb row_type=\u00a0\u00bbrow\u00a0\u00bb use_row_as_full_screen_section=\u00a0\u00bbno\u00a0\u00bb type=\u00a0\u00bbfull_width\u00a0\u00bb angled_section=\u00a0\u00bbno\u00a0\u00bb text_align=\u00a0\u00bbleft\u00a0\u00bb background_image_as_pattern=\u00a0\u00bbwithout_pattern\u00a0\u00bb z_index=\u00a0\u00bb\u00a0\u00bb background_image=\u00a0\u00bb984&Prime; padding_top=\u00a0\u00bb30&Prime; padding_bottom=\u00a0\u00bb30&Prime;][vc_column css_animation=\u00a0\u00bbfadeInDown\u00a0\u00bb][vc_row_inner row_type=\u00a0\u00bbrow\u00a0\u00bb type=\u00a0\u00bbgrid\u00a0\u00bb text_align=\u00a0\u00bbleft\u00a0\u00bb css_animation=\u00a0\u00bb\u00a0\u00bb el_class=\u00a0\u00bbfondamentaux\u00a0\u00bb][vc_column_inner width=\u00a0\u00bb1\/2&Prime;][vc_column_text]<\/p>\n<h1>Chez MAISONS G\u00c9ODE,<br \/>\nl&rsquo;engagement qualit\u00e9 repose sur<br \/>\n5 points fondamentaux :<\/h1>\n<p>[\/vc_column_text]<div class='q_icon_with_title small circle center '><div class=\"icon_holder \" style=\" \"><span data-icon-type=\"circle\" data-icon-hover-color=\"#ffffff\" data-icon-hover-bg-color=\"#0a4b7d\" class=\"qode_iwt_icon_holder fa-stack fa-2x  \" style=\"border-color: #ffffff;\"><i class=\"qode_icon_font_awesome fa fa-bullhorn qode_iwt_icon_element\" style=\"color: #ffffff;\" ><\/i><\/span><\/div><div class=\"icon_text_holder\" style=\"\"><div class=\"icon_text_inner\" style=\"\"><h2 class=\"icon_title\" style=\"\">L'\u00e9coute<\/h2><p style=''>Si vous nous faites le plaisir de nous consulter pour r\u00e9aliser votre projet de construction, c\u2019est certainement parce que vous pensez que nous sommes en mesure de r\u00e9pondre \u00e0 votre demande. Nous sommes \u00e0 votre \u00e9coute pour r\u00e9pondre \u00e0 vos souhaits de confort et de prestations et \u00e0 votre mani\u00e8re de vivre dans une maison.<\/p><\/div><\/div><\/div>[vc_empty_space height=\u00a0\u00bb30px\u00a0\u00bb]<div class='q_icon_with_title small circle center '><div class=\"icon_holder \" style=\" \"><span data-icon-type=\"circle\" data-icon-hover-color=\"#ffffff\" data-icon-hover-bg-color=\"#0a4b7d\" class=\"qode_iwt_icon_holder fa-stack fa-2x  \" style=\"border-color: #ffffff;\"><i class=\"qode_icon_font_awesome fa fa-child qode_iwt_icon_element\" style=\"color: #ffffff;\" ><\/i><\/span><\/div><div class=\"icon_text_holder\" style=\"\"><div class=\"icon_text_inner\" style=\"\"><h2 class=\"icon_title\" style=\"\">La fiabilit\u00e9<\/h2><p style=''>Forts d\u2019une exp\u00e9rience d\u2019une quarantaine d\u2019ann\u00e9es de construction de maisons, nous avons acquis des certitudes. Une organisation efficace, un choix d\u00e9lib\u00e9r\u00e9 de ma\u00eetrise du nombre annuel de r\u00e9alisations, une int\u00e9grit\u00e9 des hommes reconnue sur la place, un choix d\u2019entreprises et de fournisseurs comp\u00e9titifs et comp\u00e9tents, une ma\u00eetrise des proc\u00e9d\u00e9s de fabrication, une remise en question permanente au gr\u00e9 des r\u00e8glementations et des nouveaux produits sont les gages de la r\u00e9ussite de la construction de votre maison.<\/p><\/div><\/div><\/div>[\/vc_column_inner][vc_column_inner width=\u00a0\u00bb1\/2&Prime;]<div class='q_icon_with_title small circle center '><div class=\"icon_holder \" style=\" \"><span data-icon-type=\"circle\" data-icon-hover-color=\"#ffffff\" data-icon-hover-bg-color=\"#0a4b7d\" class=\"qode_iwt_icon_holder fa-stack fa-2x  \" style=\"border-color: #ffffff;\"><i class=\"qode_icon_font_awesome fa fa-lightbulb-o qode_iwt_icon_element\" style=\"color: #ffffff;\" ><\/i><\/span><\/div><div class=\"icon_text_holder\" style=\"\"><div class=\"icon_text_inner\" style=\"\"><h2 class=\"icon_title\" style=\"\">La clart\u00e9<\/h2><p style=''>Chez MAISONS G\u00c9ODE, vous l\u2019avez compris, nous voulons r\u00e9pondre d\u2019une mani\u00e8re int\u00e8gre \u00e0 la mission que vous nous confiez. En plus de notre s\u00e9rieux, de notre savoir-faire et de notre exp\u00e9rience, il nous semble indispensable de travailler en toute clart\u00e9.<\/p><\/div><\/div><\/div>[vc_empty_space height=\u00a0\u00bb30px\u00a0\u00bb]<div class='q_icon_with_title small circle center '><div class=\"icon_holder \" style=\" \"><span data-icon-type=\"circle\" data-icon-hover-color=\"#ffffff\" data-icon-hover-bg-color=\"#0a4b7d\" class=\"qode_iwt_icon_holder fa-stack fa-2x  \" style=\"border-color: #ffffff;\"><i class=\"qode_icon_font_awesome fa fa-comments qode_iwt_icon_element\" style=\"color: #ffffff;\" ><\/i><\/span><\/div><div class=\"icon_text_holder\" style=\"\"><div class=\"icon_text_inner\" style=\"\"><h2 class=\"icon_title\" style=\"\">Le conseil<\/h2><p style=''>La construction d\u2019une maison est constitu\u00e9e de nombreuses \u00e9tapes : le choix du terrain, le choix de l\u2019architecture et de la structure de la maison, son am\u00e9nagement int\u00e9rieur, sa performance environnementale et \u00e9nerg\u00e9tique, ses prestations et ses mat\u00e9riaux. A chacune de ces \u00e9tapes, nous vous conseillons et vous guidons dans vos choix.<\/p><\/div><\/div><\/div>[vc_empty_space height=\u00a0\u00bb30px\u00a0\u00bb]<div class='q_icon_with_title small circle center '><div class=\"icon_holder \" style=\" \"><span data-icon-type=\"circle\" data-icon-hover-color=\"#ffffff\" data-icon-hover-bg-color=\"#0a4b7d\" class=\"qode_iwt_icon_holder fa-stack fa-2x  \" style=\"border-color: #ffffff;\"><i class=\"qode_icon_font_awesome fa fa-cubes qode_iwt_icon_element\" style=\"color: #ffffff;\" ><\/i><\/span><\/div><div class=\"icon_text_holder\" style=\"\"><div class=\"icon_text_inner\" style=\"\"><h2 class=\"icon_title\" style=\"\">Le service<\/h2><p style=''>Au moment de la finalisation de vos choix et afin d\u2019engager les d\u00e9marches n\u00e9cessaires \u00e0 leur aboutissement, nous vous assistons. Qu\u2019il soit technique, financier ou administratif, un service total vous est apport\u00e9.<\/p><\/div><\/div><\/div>[\/vc_column_inner][\/vc_row_inner][\/vc_column][\/vc_row][vc_row css_animation=\u00a0\u00bb\u00a0\u00bb row_type=\u00a0\u00bbrow\u00a0\u00bb use_row_as_full_screen_section=\u00a0\u00bbno\u00a0\u00bb type=\u00a0\u00bbgrid\u00a0\u00bb angled_section=\u00a0\u00bbno\u00a0\u00bb text_align=\u00a0\u00bbleft\u00a0\u00bb background_image_as_pattern=\u00a0\u00bbwithout_pattern\u00a0\u00bb z_index=\u00a0\u00bb\u00a0\u00bb padding_top=\u00a0\u00bb50&Prime; padding_bottom=\u00a0\u00bb50&Prime;][vc_column css_animation=\u00a0\u00bbfadeInLeft\u00a0\u00bb width=\u00a0\u00bb1\/3&Prime;][vc_single_image image=\u00a0\u00bb981&Prime; img_size=\u00a0\u00bbfull\u00a0\u00bb alignment=\u00a0\u00bbcenter\u00a0\u00bb style=\u00a0\u00bbvc_box_circle_2&Prime; qode_css_animation=\u00a0\u00bb\u00a0\u00bb][vc_empty_space height=\u00a0\u00bb30px\u00a0\u00bb][vc_column_text]<\/p>\n<h4>L\u2019importance de la notice descriptive<\/h4>\n<p style=\"text-align: justify;\">Il s&rsquo;agit d&rsquo;un document CCMI sur lequel figure \u00e9norm\u00e9ment de texte.<\/p>\n<p style=\"text-align: justify;\">Elle d\u00e9crit comment sera r\u00e9alis\u00e9e votre maison, ce qui est pr\u00e9vu et ce qui ne l&rsquo;est pas et si elle pr\u00e9sente pour vous des questionnements ou des impr\u00e9cisions, n&rsquo;h\u00e9sitez pas \u00e0 demander des explications pr\u00e9cises. Au besoin, faites-vous aider.<\/p>\n<p style=\"text-align: justify;\">Au moment o\u00f9 vous signez cette notice descriptive, elle ne doit plus pr\u00e9senter de zone d\u2019ombre pour vous.<\/p>\n<p>[\/vc_column_text][\/vc_column][vc_column css_animation=\u00a0\u00bbfadeInDown\u00a0\u00bb width=\u00a0\u00bb1\/3&Prime;][vc_single_image image=\u00a0\u00bb980&Prime; img_size=\u00a0\u00bbfull\u00a0\u00bb alignment=\u00a0\u00bbcenter\u00a0\u00bb style=\u00a0\u00bbvc_box_circle_2&Prime; qode_css_animation=\u00a0\u00bb\u00a0\u00bb][vc_empty_space height=\u00a0\u00bb30px\u00a0\u00bb][vc_column_text]<\/p>\n<h4>Comparez bien les propositions<strong><br \/>\n<\/strong><\/h4>\n<p style=\"text-align: justify;\">Au moment du choix d\u00e9finitif de votre constructeur, vous devez vous poser quelques questions:<\/p>\n<ul>\n<li style=\"text-align: justify;\">Le constructeur me propose t\u2019il bien ce que je demande ? Les travaux demand\u00e9s sont-ils bien d\u00e9crits et surtout bien \u00e9crits ?<\/li>\n<li style=\"text-align: justify;\">Pourquoi un \u00e9cart de prix entre 2 devis qui semblent identiques ? Les travaux que j\u2019ai gard\u00e9s \u00e0 ma charge sont-ils correctement \u00e9valu\u00e9s par le constructeur ?<\/li>\n<\/ul>\n<p style=\"text-align: justify;\">Dans votre r\u00e9flexion interne, toutes ces questions doivent recevoir une r\u00e9ponse.<\/p>\n<p>[\/vc_column_text][\/vc_column][vc_column css_animation=\u00a0\u00bbfadeInRight\u00a0\u00bb width=\u00a0\u00bb1\/3&Prime;][vc_single_image image=\u00a0\u00bb1012&Prime; img_size=\u00a0\u00bbfull\u00a0\u00bb alignment=\u00a0\u00bbcenter\u00a0\u00bb style=\u00a0\u00bbvc_box_circle_2&Prime; qode_css_animation=\u00a0\u00bb\u00a0\u00bb][vc_empty_space height=\u00a0\u00bb30px\u00a0\u00bb][vc_column_text]<\/p>\n<h4>La qualit\u00e9 des travaux<\/h4>\n<p style=\"text-align: justify;\">C&rsquo;est un \u00e9l\u00e9ment capital de la r\u00e9ussite de votre construction mais il est difficile de la d\u00e9crire. Seules des visites de chantiers vous permettront de constater la r\u00e9alit\u00e9 de la qualit\u00e9 des travaux. N&rsquo;h\u00e9sitez pas \u00e0 demander des visites sur sites.<\/p>\n<p style=\"text-align: justify;\">A un moindre degr\u00e9, vous pouvez aussi consulter les forums de discussions, qui d&rsquo;une mani\u00e8re globale, vous donnent la tendance g\u00e9n\u00e9rale qualitative.<\/p>\n<p style=\"text-align: justify;\">Enfin, vous rencontrez des organismes ext\u00e9rieurs (Banques, Lotisseurs, Assureurs, etc\u2026).<\/p>\n<p style=\"text-align: justify;\">N&rsquo;h\u00e9sitez pas \u00e0 vous renseigner sur votre futur constructeur.<\/p>\n<p style=\"text-align: justify;\"><strong>La qualit\u00e9 ne se d\u00e9crit pas, elle se voit et on en parle.<\/strong><\/p>\n<p>[\/vc_column_text][\/vc_column][\/vc_row]<\/p>\n","protected":false},"excerpt":{"rendered":"<p>[vc_row css_animation=\u00a0\u00bb\u00a0\u00bb row_type=\u00a0\u00bbrow\u00a0\u00bb use_row_as_full_screen_section=\u00a0\u00bbno\u00a0\u00bb type=\u00a0\u00bbgrid\u00a0\u00bb angled_section=\u00a0\u00bbno\u00a0\u00bb text_align=\u00a0\u00bbleft\u00a0\u00bb background_image_as_pattern=\u00a0\u00bbwithout_pattern\u00a0\u00bb background_color=\u00a0\u00bb#0a4b7d\u00a0\u00bb padding_top=\u00a0\u00bb10&Prime; padding_bottom=\u00a0\u00bb10&Prime;][vc_column][vc_column_text] Engagement qualit\u00e9 [\/vc_column_text][\/vc_column][\/vc_row][vc_row css_animation=\u00a0\u00bb\u00a0\u00bb row_type=\u00a0\u00bbrow\u00a0\u00bb use_row_as_full_screen_section=\u00a0\u00bbno\u00a0\u00bb type=\u00a0\u00bbfull_width\u00a0\u00bb angled_section=\u00a0\u00bbno\u00a0\u00bb text_align=\u00a0\u00bbleft\u00a0\u00bb background_image_as_pattern=\u00a0\u00bbwithout_pattern\u00a0\u00bb z_index=\u00a0\u00bb\u00a0\u00bb background_image=\u00a0\u00bb984&Prime; padding_top=\u00a0\u00bb30&Prime; padding_bottom=\u00a0\u00bb30&Prime;][vc_column css_animation=\u00a0\u00bbfadeInDown\u00a0\u00bb][vc_row_inner row_type=\u00a0\u00bbrow\u00a0\u00bb type=\u00a0\u00bbgrid\u00a0\u00bb text_align=\u00a0\u00bbleft\u00a0\u00bb css_animation=\u00a0\u00bb\u00a0\u00bb el_class=\u00a0\u00bbfondamentaux\u00a0\u00bb][vc_column_inner width=\u00a0\u00bb1\/2&Prime;][vc_column_text] Chez MAISONS G\u00c9ODE, l&rsquo;engagement qualit\u00e9 repose sur 5 points fondamentaux : [\/vc_column_text][vc_empty_space height=\u00a0\u00bb30px\u00a0\u00bb][\/vc_column_inner][vc_column_inner&#8230;<\/p>\n","protected":false},"author":1,"featured_media":0,"parent":0,"menu_order":0,"comment_status":"closed","ping_status":"closed","template":"full_width.php","meta":{"footnotes":""},"class_list":["post-10","page","type-page","status-publish","hentry"],"_links":{"self":[{"href":"https:\/\/www.maisons-geode.com\/constructeur\/wp-json\/wp\/v2\/pages\/10","targetHints":{"allow":["GET"]}}],"collection":[{"href":"https:\/\/www.maisons-geode.com\/constructeur\/wp-json\/wp\/v2\/pages"}],"about":[{"href":"https:\/\/www.maisons-geode.com\/constructeur\/wp-json\/wp\/v2\/types\/page"}],"author":[{"embeddable":true,"href":"https:\/\/www.maisons-geode.com\/constructeur\/wp-json\/wp\/v2\/users\/1"}],"replies":[{"embeddable":true,"href":"https:\/\/www.maisons-geode.com\/constructeur\/wp-json\/wp\/v2\/comments?post=10"}],"version-history":[{"count":9,"href":"https:\/\/www.maisons-geode.com\/constructeur\/wp-json\/wp\/v2\/pages\/10\/revisions"}],"predecessor-version":[{"id":1211,"href":"https:\/\/www.maisons-geode.com\/constructeur\/wp-json\/wp\/v2\/pages\/10\/revisions\/1211"}],"wp:attachment":[{"href":"https:\/\/www.maisons-geode.com\/constructeur\/wp-json\/wp\/v2\/media?parent=10"}],"curies":[{"name":"wp","href":"https:\/\/api.w.org\/{rel}","templated":true}]}}